{"id":9283,"date":"2020-12-28T10:25:39","date_gmt":"2020-12-28T10:25:39","guid":{"rendered":"http:\/\/www.icip.cat\/accesibilidad\/"},"modified":"2021-02-15T11:39:41","modified_gmt":"2021-02-15T11:39:41","slug":"accesibilidad","status":"publish","type":"page","link":"https:\/\/www.icip.cat\/es\/accesibilidad\/","title":{"rendered":"Accesibilidad"},"content":{"rendered":"\n<h3 class=\"wp-block-heading\"><strong>Declaraci\u00f3n de accesibilidad de la web <\/strong><strong>icip.cat<\/strong><\/h3>\n\n\n\n<p>El ICIP se ha comprometido a hacer accesible su web de conformidad con el Real Decreto 1112\/2018, de 7 de septiembre, sobre accesibilidad de los sitios web y aplicaciones para dispositivos m\u00f3viles del sector p\u00fablico (en adelante, Real Decreto 1112\/2018, de 7 de septiembre).<\/p>\n\n\n\n<p>La presente declaraci\u00f3n de accesibilidad se aplica a la web&nbsp;<a href=\"https:\/\/www.icip.cat\"><strong>https:\/\/www.icip.cat<\/strong><\/a>.<\/p>\n\n\n\n<h3 class=\"wp-block-heading\"><strong>Observaciones y datos de contacto<\/strong><\/h3>\n\n\n\n<p>Se pueden realizar comunicaciones sobre requisitos de accesibilidad (art\u00edculo 10.2.a del Real Decreto 1112\/2018), a trav\u00e9s de las siguientes v\u00edas de <a href=\"http:\/\/www.icip.cat\/es\/contacto\/\">contacto<\/a> por:&nbsp;<\/p>\n\n\n\n<ul class=\"wp-block-list\"><li>Informar sobre sobre posibles incumplimientos por parte de este sitio web.<\/li><li>Transmitir otras dificultades de acceso al contenido.<\/li><li>Formular cualquier consulta o sugerencia de mejora relativa a la accesibilidad del sitio web.<\/li><\/ul>\n\n\n\n<h3 class=\"wp-block-heading\"><strong>Solicitudes de informaci\u00f3n accesible y quejas<\/strong><\/h3>\n\n\n\n<p>Para hacer solicitudes de informaci\u00f3n accesible y quejas (art\u00edculo 12 del Real Decreto 1112\/2018) hay que acceder al tr\u00e1mite \u00ab<a href=\"http:\/\/web.gencat.cat\/ca\/tramits\/tramits-temes\/Continguts-accessibles-al-web\"><strong>Contenidos accesibles a la web<\/strong><\/a>\u00bb y seguir la modalidad \u00ab<a href=\"http:\/\/web.gencat.cat\/ca\/tramits\/tramits-temes\/Continguts-accessibles-al-web\"><strong>Solicitar informaci\u00f3n accesible o hacer una queja<\/strong><\/a>\u00ab.<\/p>\n\n\n\n<p>Cualquier persona f\u00edsica o jur\u00eddica puede formular quejas relativas al cumplimiento de los requisitos del Real Decreto 1112\/2018 y solicitar informaci\u00f3n relativa a contenidos que est\u00e9n excluidos del \u00e1mbito de aplicaci\u00f3n de esta normativa.<\/p>\n\n\n\n<p>Las solicitudes y quejas se registran conforme a los requisitos establecidos por la Ley 39\/2015 de 1 de octubre, del Procedimiento Administrativo Com\u00fan de las Administraciones P\u00fablicas.<\/p>\n\n\n\n<h3 class=\"wp-block-heading\"><strong>Procedimiento de aplicaci\u00f3n<\/strong><\/h3>\n\n\n\n<p>El procedimiento de aplicaci\u00f3n recogido en el art\u00edculo 13 del Real Decreto 1112\/2018 se puede iniciar en el tr\u00e1mite \u00ab<a href=\"http:\/\/web.gencat.cat\/ca\/tramits\/tramits-temes\/Continguts-accessibles-al-web\"><strong>Contenidos accesibles a la web<\/strong><\/a>\u00bb a trav\u00e9s de la modalidad \u00ab<a href=\"http:\/\/web.gencat.cat\/ca\/tramits\/tramits-temes\/Continguts-accessibles-al-web\"><strong>Reclamar una solicitud<\/strong><\/a>\u00ab.<\/p>\n\n\n\n<p>Si una vez realizada una solicitud de informaci\u00f3n accesible o queja, \u00e9sta ha sido desestimada, no est\u00e1s de acuerdo con la decisi\u00f3n adoptada o la respuesta no cumple con los requisitos del art\u00edculo 12.5 del RD 1112\/2018, puedes iniciar una reclamaci\u00f3n por:<\/p>\n\n\n\n<ul class=\"wp-block-list\"><li>Conocer y oponerte a los motivos de la desestimaci\u00f3n<\/li><li>Instar a la adopci\u00f3n de las medidas oportunas en caso de no estar de acuerdo con la decisi\u00f3n adoptada<\/li><li>Exponer las razones por las cuales consideras que la respuesta no cumple con los requisitos exigidos.<\/li><\/ul>\n\n\n\n<p>Tambi\u00e9n se puede iniciar una reclamaci\u00f3n en caso de que hayan transcurrido 20 d\u00edas h\u00e1biles sin haber obtenido ninguna respuesta.<\/p>\n\n\n\n<h3 class=\"wp-block-heading\"><strong>Otras informaciones<\/strong><\/h3>\n\n\n\n<p>Actualmente se est\u00e1n realizando trabajos de auditor\u00eda y consultor\u00eda para adecuar las posibles disconformidades y conseguir una accesibilidad completa en el sitio web que permita su uso a cualquier persona, independientemente de sus capacidades.<\/p>\n","protected":false},"excerpt":{"rendered":"<p>Declaraci\u00f3n de accesibilidad de la web icip.cat El ICIP se ha comprometido a hacer accesible su web de conformidad con el Real Decreto 1112\/2018, de 7 de septiembre, sobre accesibilidad de los sitios web y aplicaciones para dispositivos m\u00f3viles del sector p\u00fablico (en adelante, Real Decreto 1112\/2018, de 7 de septiembre). La presente declaraci\u00f3n de [&hellip;]<\/p>\n","protected":false},"author":1,"featured_media":0,"parent":0,"menu_order":0,"comment_status":"closed","ping_status":"closed","template":"","meta":{"_acf_changed":false,"footnotes":""},"class_list":["post-9283","page","type-page","status-publish","hentry"],"acf":[],"yoast_head":"<!-- This site is optimized with the Yoast SEO plugin v25.6 - https:\/\/yoast.com\/wordpress\/plugins\/seo\/ -->\n<title>Accesibilidad - ICIP<\/title>\n<meta name=\"robots\" content=\"index, follow, max-snippet:-1, max-image-preview:large, max-video-preview:-1\" \/>\n<link rel=\"canonical\" href=\"https:\/\/www.icip.cat\/es\/accesibilidad\/\" \/>\n<meta property=\"og:locale\" content=\"es_ES\" \/>\n<meta property=\"og:type\" content=\"article\" \/>\n<meta property=\"og:title\" content=\"Accesibilidad - ICIP\" \/>\n<meta property=\"og:description\" content=\"Declaraci\u00f3n de accesibilidad de la web icip.cat El ICIP se ha comprometido a hacer accesible su web de conformidad con el Real Decreto 1112\/2018, de 7 de septiembre, sobre accesibilidad de los sitios web y aplicaciones para dispositivos m\u00f3viles del sector p\u00fablico (en adelante, Real Decreto 1112\/2018, de 7 de septiembre). La presente declaraci\u00f3n de [&hellip;]\" \/>\n<meta property=\"og:url\" content=\"https:\/\/www.icip.cat\/es\/accesibilidad\/\" \/>\n<meta property=\"og:site_name\" content=\"ICIP\" \/>\n<meta property=\"article:modified_time\" content=\"2021-02-15T11:39:41+00:00\" \/>\n<meta name=\"twitter:card\" content=\"summary_large_image\" \/>\n<meta name=\"twitter:label1\" content=\"Tiempo de lectura\" \/>\n\t<meta name=\"twitter:data1\" content=\"2 minutos\" \/>\n<script type=\"application\/ld+json\" class=\"yoast-schema-graph\">{\"@context\":\"https:\/\/schema.org\",\"@graph\":[{\"@type\":\"WebPage\",\"@id\":\"https:\/\/www.icip.cat\/es\/accesibilidad\/\",\"url\":\"https:\/\/www.icip.cat\/es\/accesibilidad\/\",\"name\":\"Accesibilidad - ICIP\",\"isPartOf\":{\"@id\":\"https:\/\/www.icip.cat\/ca\/#website\"},\"datePublished\":\"2020-12-28T10:25:39+00:00\",\"dateModified\":\"2021-02-15T11:39:41+00:00\",\"inLanguage\":\"es\",\"potentialAction\":[{\"@type\":\"ReadAction\",\"target\":[\"https:\/\/www.icip.cat\/es\/accesibilidad\/\"]}]},{\"@type\":\"WebSite\",\"@id\":\"https:\/\/www.icip.cat\/ca\/#website\",\"url\":\"https:\/\/www.icip.cat\/ca\/\",\"name\":\"ICIP\",\"description\":\"\",\"publisher\":{\"@id\":\"https:\/\/www.icip.cat\/ca\/#organization\"},\"potentialAction\":[{\"@type\":\"SearchAction\",\"target\":{\"@type\":\"EntryPoint\",\"urlTemplate\":\"https:\/\/www.icip.cat\/ca\/?s={search_term_string}\"},\"query-input\":{\"@type\":\"PropertyValueSpecification\",\"valueRequired\":true,\"valueName\":\"search_term_string\"}}],\"inLanguage\":\"es\"},{\"@type\":\"Organization\",\"@id\":\"https:\/\/www.icip.cat\/ca\/#organization\",\"name\":\"ICIP\",\"url\":\"https:\/\/www.icip.cat\/ca\/\",\"logo\":{\"@type\":\"ImageObject\",\"inLanguage\":\"es\",\"@id\":\"https:\/\/www.icip.cat\/ca\/#\/schema\/logo\/image\/\",\"url\":\"https:\/\/www.icip.cat\/wp-content\/uploads\/2021\/02\/logo-2.png\",\"contentUrl\":\"https:\/\/www.icip.cat\/wp-content\/uploads\/2021\/02\/logo-2.png\",\"width\":562,\"height\":391,\"caption\":\"ICIP\"},\"image\":{\"@id\":\"https:\/\/www.icip.cat\/ca\/#\/schema\/logo\/image\/\"}}]}<\/script>\n<!-- \/ Yoast SEO plugin. -->","yoast_head_json":{"title":"Accesibilidad - ICIP","robots":{"index":"index","follow":"follow","max-snippet":"max-snippet:-1","max-image-preview":"max-image-preview:large","max-video-preview":"max-video-preview:-1"},"canonical":"https:\/\/www.icip.cat\/es\/accesibilidad\/","og_locale":"es_ES","og_type":"article","og_title":"Accesibilidad - ICIP","og_description":"Declaraci\u00f3n de accesibilidad de la web icip.cat El ICIP se ha comprometido a hacer accesible su web de conformidad con el Real Decreto 1112\/2018, de 7 de septiembre, sobre accesibilidad de los sitios web y aplicaciones para dispositivos m\u00f3viles del sector p\u00fablico (en adelante, Real Decreto 1112\/2018, de 7 de septiembre). La presente declaraci\u00f3n de [&hellip;]","og_url":"https:\/\/www.icip.cat\/es\/accesibilidad\/","og_site_name":"ICIP","article_modified_time":"2021-02-15T11:39:41+00:00","twitter_card":"summary_large_image","twitter_misc":{"Tiempo de lectura":"2 minutos"},"schema":{"@context":"https:\/\/schema.org","@graph":[{"@type":"WebPage","@id":"https:\/\/www.icip.cat\/es\/accesibilidad\/","url":"https:\/\/www.icip.cat\/es\/accesibilidad\/","name":"Accesibilidad - ICIP","isPartOf":{"@id":"https:\/\/www.icip.cat\/ca\/#website"},"datePublished":"2020-12-28T10:25:39+00:00","dateModified":"2021-02-15T11:39:41+00:00","inLanguage":"es","potentialAction":[{"@type":"ReadAction","target":["https:\/\/www.icip.cat\/es\/accesibilidad\/"]}]},{"@type":"WebSite","@id":"https:\/\/www.icip.cat\/ca\/#website","url":"https:\/\/www.icip.cat\/ca\/","name":"ICIP","description":"","publisher":{"@id":"https:\/\/www.icip.cat\/ca\/#organization"},"potentialAction":[{"@type":"SearchAction","target":{"@type":"EntryPoint","urlTemplate":"https:\/\/www.icip.cat\/ca\/?s={search_term_string}"},"query-input":{"@type":"PropertyValueSpecification","valueRequired":true,"valueName":"search_term_string"}}],"inLanguage":"es"},{"@type":"Organization","@id":"https:\/\/www.icip.cat\/ca\/#organization","name":"ICIP","url":"https:\/\/www.icip.cat\/ca\/","logo":{"@type":"ImageObject","inLanguage":"es","@id":"https:\/\/www.icip.cat\/ca\/#\/schema\/logo\/image\/","url":"https:\/\/www.icip.cat\/wp-content\/uploads\/2021\/02\/logo-2.png","contentUrl":"https:\/\/www.icip.cat\/wp-content\/uploads\/2021\/02\/logo-2.png","width":562,"height":391,"caption":"ICIP"},"image":{"@id":"https:\/\/www.icip.cat\/ca\/#\/schema\/logo\/image\/"}}]}},"_links":{"self":[{"href":"https:\/\/www.icip.cat\/es\/wp-json\/wp\/v2\/pages\/9283","targetHints":{"allow":["GET"]}}],"collection":[{"href":"https:\/\/www.icip.cat\/es\/wp-json\/wp\/v2\/pages"}],"about":[{"href":"https:\/\/www.icip.cat\/es\/wp-json\/wp\/v2\/types\/page"}],"author":[{"embeddable":true,"href":"https:\/\/www.icip.cat\/es\/wp-json\/wp\/v2\/users\/1"}],"replies":[{"embeddable":true,"href":"https:\/\/www.icip.cat\/es\/wp-json\/wp\/v2\/comments?post=9283"}],"version-history":[{"count":2,"href":"https:\/\/www.icip.cat\/es\/wp-json\/wp\/v2\/pages\/9283\/revisions"}],"predecessor-version":[{"id":16790,"href":"https:\/\/www.icip.cat\/es\/wp-json\/wp\/v2\/pages\/9283\/revisions\/16790"}],"wp:attachment":[{"href":"https:\/\/www.icip.cat\/es\/wp-json\/wp\/v2\/media?parent=9283"}],"curies":[{"name":"wp","href":"https:\/\/api.w.org\/{rel}","templated":true}]}}