{"id":9285,"date":"2020-12-28T10:28:06","date_gmt":"2020-12-28T10:28:06","guid":{"rendered":"http:\/\/www.icip.cat\/actualidad\/"},"modified":"2021-01-07T11:55:14","modified_gmt":"2021-01-07T11:55:14","slug":"actualidad","status":"publish","type":"page","link":"https:\/\/www.icip.cat\/es\/actualidad\/","title":{"rendered":"Actualidad"},"content":{"rendered":"\t\t<div data-elementor-type=\"wp-page\" data-elementor-id=\"9285\" class=\"elementor elementor-9285 elementor-486\" data-elementor-post-type=\"page\">\n\t\t\t\t\t\t<section class=\"elementor-section elementor-top-section elementor-element elementor-element-b517683 elementor-section-boxed elementor-section-height-default elementor-section-height-default\" data-id=\"b517683\" data-element_type=\"section\" data-settings=\"{&quot;background_background&quot;:&quot;classic&quot;}\">\n\t\t\t\t\t\t<div class=\"elementor-container elementor-column-gap-default\">\n\t\t\t\t\t<div class=\"elementor-column elementor-col-100 elementor-top-column elementor-element elementor-element-8521d60\" data-id=\"8521d60\" data-element_type=\"column\">\n\t\t\t<div class=\"elementor-widget-wrap elementor-element-populated\">\n\t\t\t\t\t\t<div class=\"elementor-element elementor-element-588a16d elementor-widget elementor-widget-heading\" data-id=\"588a16d\" data-element_type=\"widget\" data-widget_type=\"heading.default\">\n\t\t\t\t<div class=\"elementor-widget-container\">\n\t\t\t\t\t<h1 class=\"elementor-heading-title elementor-size-xl\">Actualidad<\/h1>\t\t\t\t<\/div>\n\t\t\t\t<\/div>\n\t\t\t\t\t<\/div>\n\t\t<\/div>\n\t\t\t\t\t<\/div>\n\t\t<\/section>\n\t\t\t\t<section class=\"elementor-section elementor-top-section elementor-element elementor-element-10dc144 elementor-section-boxed elementor-section-height-default elementor-section-height-default\" data-id=\"10dc144\" data-element_type=\"section\" data-settings=\"{&quot;background_background&quot;:&quot;classic&quot;}\">\n\t\t\t\t\t\t<div class=\"elementor-container elementor-column-gap-default\">\n\t\t\t\t\t<div class=\"elementor-column elementor-col-100 elementor-top-column elementor-element elementor-element-ced8276\" data-id=\"ced8276\" data-element_type=\"column\">\n\t\t\t<div class=\"elementor-widget-wrap elementor-element-populated\">\n\t\t\t\t\t\t<div class=\"elementor-element elementor-element-b921eec elementor-widget elementor-widget-icip-latestpostlisting\" data-id=\"b921eec\" data-element_type=\"widget\" data-widget_type=\"icip-latestpostlisting.default\">\n\t\t\t\t<div class=\"elementor-widget-container\">\n\t\t\t\t\t<div class='block-post-listing'><div class='list'><article class='entry'><a class='link' href='https:\/\/www.icip.cat\/es\/comienza-la-xvi-gira-de-primavera-de-ciudades-defensoras-con-activistas-de-cinco-paises\/' title='Empieza la XVI Gira de Primavera de Ciudades Defensoras'><div class='image'><img fetchpriority=\"high\" decoding=\"async\" width=\"730\" height=\"550\" src=\"https:\/\/www.icip.cat\/wp-content\/uploads\/2023\/09\/ciutats-1-e1775036190804-730x550.png\" class=\"attachment-latestpostlisting-thumbnail size-latestpostlisting-thumbnail wp-post-image\" alt=\"\" \/><\/div><div class='details'><p class='date'>30.03.2026<\/p><h2 class='title'>Empieza la XVI Gira de Primavera de Ciudades Defensoras<\/h2><\/div><\/a><\/article><article class='entry'><a class='link' href='https:\/\/www.icip.cat\/es\/el-icip-coorganiza-en-sarajevo-la-conferencia-closing-the-gaps\/' title='El ICIP coorganiza en Sarajevo la conferencia \u201cClosing the Gaps\u201d'><div class='image'><img decoding=\"async\" width=\"730\" height=\"550\" src=\"https:\/\/www.icip.cat\/wp-content\/uploads\/2026\/03\/IMG_8645-730x550.jpg\" class=\"attachment-latestpostlisting-thumbnail size-latestpostlisting-thumbnail wp-post-image\" alt=\"\" \/><\/div><div class='details'><p class='date'>26.03.2026<\/p><h2 class='title'>El ICIP coorganiza en Sarajevo la conferencia \u201cClosing the Gaps\u201d<\/h2><\/div><\/a><\/article><article class='entry'><a class='link' href='https:\/\/www.icip.cat\/es\/los-clips-guanadores-de-la-10a-edicion-del-concurso-hiphoppau-tratan-sobre-la-justicia-climatica-la-salud-mental-y-la-lucha-contra-las-violencias\/' title='Clips ganadores del 10 Concurso #HipHopPau'><div class='image'><img decoding=\"async\" width=\"730\" height=\"550\" src=\"https:\/\/www.icip.cat\/wp-content\/uploads\/2026\/03\/Guanyadors-2025-2026-730x550.png\" class=\"attachment-latestpostlisting-thumbnail size-latestpostlisting-thumbnail wp-post-image\" alt=\"\" \/><\/div><div class='details'><p class='date'>23.03.2026<\/p><h2 class='title'>Clips ganadores del 10 Concurso #HipHopPau<\/h2><\/div><\/a><\/article><\/div><\/div>\t\t\t\t<\/div>\n\t\t\t\t<\/div>\n\t\t\t\t<div class=\"elementor-element elementor-element-f4a31d0 elementor-align-center elementor-widget elementor-widget-button\" data-id=\"f4a31d0\" data-element_type=\"widget\" data-widget_type=\"button.default\">\n\t\t\t\t<div class=\"elementor-widget-container\">\n\t\t\t\t\t\t\t\t\t<div class=\"elementor-button-wrapper\">\n\t\t\t\t\t<a class=\"elementor-button elementor-button-link elementor-size-lg elementor-animation-shrink\" href=\"http:\/\/www.icip.cat\/es\/actualidad\/noticias\/\">\n\t\t\t\t\t\t<span class=\"elementor-button-content-wrapper\">\n\t\t\t\t\t\t\t\t\t<span class=\"elementor-button-text\">M\u00c1S NOTICIAS<\/span>\n\t\t\t\t\t<\/span>\n\t\t\t\t\t<\/a>\n\t\t\t\t<\/div>\n\t\t\t\t\t\t\t\t<\/div>\n\t\t\t\t<\/div>\n\t\t\t\t\t<\/div>\n\t\t<\/div>\n\t\t\t\t\t<\/div>\n\t\t<\/section>\n\t\t\t\t<section class=\"elementor-section elementor-top-section elementor-element elementor-element-c9da904 elementor-section-boxed elementor-section-height-default elementor-section-height-default\" data-id=\"c9da904\" data-element_type=\"section\" data-settings=\"{&quot;background_background&quot;:&quot;classic&quot;}\">\n\t\t\t\t\t\t<div class=\"elementor-container elementor-column-gap-default\">\n\t\t\t\t\t<div class=\"elementor-column elementor-col-100 elementor-top-column elementor-element elementor-element-fbc1019\" data-id=\"fbc1019\" data-element_type=\"column\">\n\t\t\t<div class=\"elementor-widget-wrap elementor-element-populated\">\n\t\t\t\t\t\t<div class=\"elementor-element elementor-element-0532320 elementor-widget elementor-widget-heading\" data-id=\"0532320\" data-element_type=\"widget\" data-widget_type=\"heading.default\">\n\t\t\t\t<div class=\"elementor-widget-container\">\n\t\t\t\t\t<h2 class=\"elementor-heading-title elementor-size-xl\">Agenda de actividades<\/h2>\t\t\t\t<\/div>\n\t\t\t\t<\/div>\n\t\t\t\t<div class=\"elementor-element elementor-element-1de0686 elementor-widget elementor-widget-icip-eventlisting\" data-id=\"1de0686\" data-element_type=\"widget\" data-widget_type=\"icip-eventlisting.default\">\n\t\t\t\t<div class=\"elementor-widget-container\">\n\t\t\t\t\t<div class=\"block-event-listing\"><div class=\"list\"><article class='entry'><a class='link' href='https:\/\/www.icip.cat\/es\/event\/exposicion-polsxtrems-tu-gimnasio-para-entrenar-el-pensamiento-critico\/' title='Exposici\u00f3n \u201cPolsXtrems. Tu gimnasio para entrenar el pensamiento cr\u00edtico\u201d'><div class='image'><img loading=\"lazy\" decoding=\"async\" width=\"730\" height=\"550\" src=\"https:\/\/www.icip.cat\/wp-content\/uploads\/2026\/02\/PolsXtrems2-730x550.jpeg\" class=\"attachment-latestpostlisting-thumbnail size-latestpostlisting-thumbnail wp-post-image\" alt=\"\" \/><\/div><div class='details'><h2 class='title'>Exposici\u00f3n \u201cPolsXtrems. Tu gimnasio para entrenar el pensamiento cr\u00edtico\u201d<\/h2><div class=\"dates\"><span class=\"date\">20\/02\/2026<\/span><span class=\"date\">17\/05\/2026<\/span><\/div><\/div><\/a><\/article><article class='entry'><a class='link' href='https:\/\/www.icip.cat\/es\/event\/ciclo-de-dialogos-quien-entrena-tu-mente\/' title='Ciclo de di\u00e1logos: \u00bfQui\u00e9n entrena tu mente?'><div class='image'><img loading=\"lazy\" decoding=\"async\" width=\"730\" height=\"550\" src=\"https:\/\/www.icip.cat\/wp-content\/uploads\/2026\/02\/POLSXTREMS_Instagram_1080x1350-sensetitol_V3-730x550.png\" class=\"attachment-latestpostlisting-thumbnail size-latestpostlisting-thumbnail wp-post-image\" alt=\"\" \/><\/div><div class='details'><h2 class='title'>Ciclo de di\u00e1logos: \u00bfQui\u00e9n entrena tu mente?<\/h2><div class=\"dates\"><span class=\"date\">25\/03\/2026<\/span><span class=\"date\">22\/04\/2026<\/span><\/div><\/div><\/a><\/article><\/div><\/div>\t\t\t\t<\/div>\n\t\t\t\t<\/div>\n\t\t\t\t<div class=\"elementor-element elementor-element-e02521d elementor-align-center elementor-widget elementor-widget-button\" data-id=\"e02521d\" data-element_type=\"widget\" data-widget_type=\"button.default\">\n\t\t\t\t<div class=\"elementor-widget-container\">\n\t\t\t\t\t\t\t\t\t<div class=\"elementor-button-wrapper\">\n\t\t\t\t\t<a class=\"elementor-button elementor-button-link elementor-size-lg elementor-animation-shrink\" href=\"http:\/\/www.icip.cat\/es\/actualidad\/agenda\/\">\n\t\t\t\t\t\t<span class=\"elementor-button-content-wrapper\">\n\t\t\t\t\t\t\t\t\t<span class=\"elementor-button-text\">VER TODAS<\/span>\n\t\t\t\t\t<\/span>\n\t\t\t\t\t<\/a>\n\t\t\t\t<\/div>\n\t\t\t\t\t\t\t\t<\/div>\n\t\t\t\t<\/div>\n\t\t\t\t\t<\/div>\n\t\t<\/div>\n\t\t\t\t\t<\/div>\n\t\t<\/section>\n\t\t\t\t<section class=\"elementor-section elementor-top-section elementor-element elementor-element-9d30298 elementor-hidden-desktop elementor-hidden-tablet elementor-hidden-phone elementor-section-boxed elementor-section-height-default elementor-section-height-default\" data-id=\"9d30298\" data-element_type=\"section\" data-settings=\"{&quot;background_background&quot;:&quot;classic&quot;}\">\n\t\t\t\t\t\t\t<div class=\"elementor-background-overlay\"><\/div>\n\t\t\t\t\t\t\t<div class=\"elementor-container elementor-column-gap-default\">\n\t\t\t\t\t<div class=\"elementor-column elementor-col-100 elementor-top-column elementor-element elementor-element-bf532a5\" data-id=\"bf532a5\" data-element_type=\"column\">\n\t\t\t<div class=\"elementor-widget-wrap elementor-element-populated\">\n\t\t\t\t\t\t<div class=\"elementor-element elementor-element-d28b7de elementor-widget elementor-widget-heading\" data-id=\"d28b7de\" data-element_type=\"widget\" data-widget_type=\"heading.default\">\n\t\t\t\t<div class=\"elementor-widget-container\">\n\t\t\t\t\t<h2 class=\"elementor-heading-title elementor-size-xl\">ICIP en los medios<\/h2>\t\t\t\t<\/div>\n\t\t\t\t<\/div>\n\t\t\t\t<div class=\"elementor-element elementor-element-285b6a1 elementor-widget elementor-widget-text-editor\" data-id=\"285b6a1\" data-element_type=\"widget\" data-widget_type=\"text-editor.default\">\n\t\t\t\t<div class=\"elementor-widget-container\">\n\t\t\t\t\t\t\t\t\t<p>Lorem ipsum dolor sit amet, consectetur adipiscing elit. Ut elit tellus, luctus nec ullamcorper mattis, pulvinar dapibus leo.<\/p>\t\t\t\t\t\t\t\t<\/div>\n\t\t\t\t<\/div>\n\t\t\t\t<div class=\"elementor-element elementor-element-e38208e elementor-view-default elementor-widget elementor-widget-icon\" data-id=\"e38208e\" data-element_type=\"widget\" data-widget_type=\"icon.default\">\n\t\t\t\t<div class=\"elementor-widget-container\">\n\t\t\t\t\t\t\t<div class=\"elementor-icon-wrapper\">\n\t\t\t<div class=\"elementor-icon elementor-animation-pulse\">\n\t\t\t<i aria-hidden=\"true\" class=\"fas fa-arrow-right\"><\/i>\t\t\t<\/div>\n\t\t<\/div>\n\t\t\t\t\t\t<\/div>\n\t\t\t\t<\/div>\n\t\t\t\t\t<\/div>\n\t\t<\/div>\n\t\t\t\t\t<\/div>\n\t\t<\/section>\n\t\t\t\t<section class=\"elementor-section elementor-top-section elementor-element elementor-element-50c594f elementor-section-boxed elementor-section-height-default elementor-section-height-default\" data-id=\"50c594f\" data-element_type=\"section\" data-settings=\"{&quot;background_background&quot;:&quot;classic&quot;}\">\n\t\t\t\t\t\t<div class=\"elementor-container elementor-column-gap-default\">\n\t\t\t\t\t<div class=\"elementor-column elementor-col-100 elementor-top-column elementor-element elementor-element-933711e\" data-id=\"933711e\" data-element_type=\"column\">\n\t\t\t<div class=\"elementor-widget-wrap elementor-element-populated\">\n\t\t\t\t\t\t<div class=\"elementor-element elementor-element-aa120d3 elementor-widget elementor-widget-heading\" data-id=\"aa120d3\" data-element_type=\"widget\" data-widget_type=\"heading.default\">\n\t\t\t\t<div class=\"elementor-widget-container\">\n\t\t\t\t\t<h2 class=\"elementor-heading-title elementor-size-default\">El blog de ICIP\n\n\n<\/h2>\t\t\t\t<\/div>\n\t\t\t\t<\/div>\n\t\t\t\t<div class=\"elementor-element elementor-element-98b358b elementor-widget elementor-widget-icip-latestpostlisting\" data-id=\"98b358b\" data-element_type=\"widget\" data-widget_type=\"icip-latestpostlisting.default\">\n\t\t\t\t<div class=\"elementor-widget-container\">\n\t\t\t\t\t<div class='block-post-listing'><div class='list'><article class='entry'><a class='link' href='https:\/\/www.icip.cat\/es\/comienza-la-xvi-gira-de-primavera-de-ciudades-defensoras-con-activistas-de-cinco-paises\/' title='Empieza la XVI Gira de Primavera de Ciudades Defensoras'><div class='image'><img fetchpriority=\"high\" decoding=\"async\" width=\"730\" height=\"550\" src=\"https:\/\/www.icip.cat\/wp-content\/uploads\/2023\/09\/ciutats-1-e1775036190804-730x550.png\" class=\"attachment-latestpostlisting-thumbnail size-latestpostlisting-thumbnail wp-post-image\" alt=\"\" \/><\/div><div class='details'><p class='date'>30.03.2026<\/p><h2 class='title'>Empieza la XVI Gira de Primavera de Ciudades Defensoras<\/h2><\/div><\/a><\/article><article class='entry'><a class='link' href='https:\/\/www.icip.cat\/es\/el-icip-coorganiza-en-sarajevo-la-conferencia-closing-the-gaps\/' title='El ICIP coorganiza en Sarajevo la conferencia \u201cClosing the Gaps\u201d'><div class='image'><img decoding=\"async\" width=\"730\" height=\"550\" src=\"https:\/\/www.icip.cat\/wp-content\/uploads\/2026\/03\/IMG_8645-730x550.jpg\" class=\"attachment-latestpostlisting-thumbnail size-latestpostlisting-thumbnail wp-post-image\" alt=\"\" \/><\/div><div class='details'><p class='date'>26.03.2026<\/p><h2 class='title'>El ICIP coorganiza en Sarajevo la conferencia \u201cClosing the Gaps\u201d<\/h2><\/div><\/a><\/article><article class='entry'><a class='link' href='https:\/\/www.icip.cat\/es\/los-clips-guanadores-de-la-10a-edicion-del-concurso-hiphoppau-tratan-sobre-la-justicia-climatica-la-salud-mental-y-la-lucha-contra-las-violencias\/' title='Clips ganadores del 10 Concurso #HipHopPau'><div class='image'><img decoding=\"async\" width=\"730\" height=\"550\" src=\"https:\/\/www.icip.cat\/wp-content\/uploads\/2026\/03\/Guanyadors-2025-2026-730x550.png\" class=\"attachment-latestpostlisting-thumbnail size-latestpostlisting-thumbnail wp-post-image\" alt=\"\" \/><\/div><div class='details'><p class='date'>23.03.2026<\/p><h2 class='title'>Clips ganadores del 10 Concurso #HipHopPau<\/h2><\/div><\/a><\/article><\/div><\/div>\t\t\t\t<\/div>\n\t\t\t\t<\/div>\n\t\t\t\t<div class=\"elementor-element elementor-element-650a3cd elementor-align-center elementor-widget elementor-widget-button\" data-id=\"650a3cd\" data-element_type=\"widget\" data-widget_type=\"button.default\">\n\t\t\t\t<div class=\"elementor-widget-container\">\n\t\t\t\t\t\t\t\t\t<div class=\"elementor-button-wrapper\">\n\t\t\t\t\t<a class=\"elementor-button elementor-button-link elementor-size-lg elementor-animation-shrink\" href=\"http:\/\/www.icip.cat\/es\/actualidad\/noticias\/\">\n\t\t\t\t\t\t<span class=\"elementor-button-content-wrapper\">\n\t\t\t\t\t\t\t\t\t<span class=\"elementor-button-text\">M\u00c1S ART\u00cdCULOS<\/span>\n\t\t\t\t\t<\/span>\n\t\t\t\t\t<\/a>\n\t\t\t\t<\/div>\n\t\t\t\t\t\t\t\t<\/div>\n\t\t\t\t<\/div>\n\t\t\t\t\t<\/div>\n\t\t<\/div>\n\t\t\t\t\t<\/div>\n\t\t<\/section>\n\t\t\t\t<section class=\"elementor-section elementor-top-section elementor-element elementor-element-0b91b41 elementor-section-boxed elementor-section-height-default elementor-section-height-default\" data-id=\"0b91b41\" data-element_type=\"section\" data-settings=\"{&quot;background_background&quot;:&quot;classic&quot;}\">\n\t\t\t\t\t\t<div class=\"elementor-container elementor-column-gap-default\">\n\t\t\t\t\t<div class=\"elementor-column elementor-col-100 elementor-top-column elementor-element elementor-element-5ceb2c3\" data-id=\"5ceb2c3\" data-element_type=\"column\">\n\t\t\t<div class=\"elementor-widget-wrap elementor-element-populated\">\n\t\t\t\t\t\t<div class=\"elementor-element elementor-element-d770f90 elementor-widget elementor-widget-heading\" data-id=\"d770f90\" data-element_type=\"widget\" data-widget_type=\"heading.default\">\n\t\t\t\t<div class=\"elementor-widget-container\">\n\t\t\t\t\t<h2 class=\"elementor-heading-title elementor-size-xl\">Subscr\u00edbete al <b>bolet\u00edn del ICIP<\/b><\/h2>\t\t\t\t<\/div>\n\t\t\t\t<\/div>\n\t\t\t\t<div class=\"elementor-element elementor-element-c3b25ef elementor-widget elementor-widget-text-editor\" data-id=\"c3b25ef\" data-element_type=\"widget\" data-widget_type=\"text-editor.default\">\n\t\t\t\t<div class=\"elementor-widget-container\">\n\t\t\t\t\t\t\t\t\t<p>Estigues al dia de totes les novetats de l&#8217;ICIP:&nbsp;<\/p>\n<p>not\u00edcies, publicacions, agenda, subvencions i molt m\u00e9s.<\/p>\n\t\t\t\t\t\t\t\t<\/div>\n\t\t\t\t<\/div>\n\t\t\t\t<div class=\"elementor-element elementor-element-cafb517 elementor-align-center elementor-widget elementor-widget-button\" data-id=\"cafb517\" data-element_type=\"widget\" data-widget_type=\"button.default\">\n\t\t\t\t<div class=\"elementor-widget-container\">\n\t\t\t\t\t\t\t\t\t<div class=\"elementor-button-wrapper\">\n\t\t\t\t\t<a class=\"elementor-button elementor-button-link elementor-size-lg elementor-animation-shrink\" href=\"#\">\n\t\t\t\t\t\t<span class=\"elementor-button-content-wrapper\">\n\t\t\t\t\t\t<span class=\"elementor-button-icon\">\n\t\t\t\t<i aria-hidden=\"true\" class=\"far fa-envelope\"><\/i>\t\t\t<\/span>\n\t\t\t\t\t\t\t\t\t<span class=\"elementor-button-text\">SUBSCRIURE'M<\/span>\n\t\t\t\t\t<\/span>\n\t\t\t\t\t<\/a>\n\t\t\t\t<\/div>\n\t\t\t\t\t\t\t\t<\/div>\n\t\t\t\t<\/div>\n\t\t\t\t\t<\/div>\n\t\t<\/div>\n\t\t\t\t\t<\/div>\n\t\t<\/section>\n\t\t\t\t<\/div>\n\t\t","protected":false},"excerpt":{"rendered":"<p>Actualidad 24.11.2020 Resoluci\u00f3 definitiva de la convocat\u00f2ria de subvencions 2020 per a entitats 23.11.2020 Visita l&#8217;exposici\u00f3 \u00abM\u00f3n-tanca\u00bb a Sant Quirze del Vall\u00e8s 30.10.2020 L\u2019activista congolesa Julienne Lusenge, Premi ICIP Constructors de Pau 2020 M\u00c1S NOTICIAS Agenda de actividades There are no upcoming events VER TODAS ICIP en los medios Lorem ipsum dolor sit amet, consectetur [&hellip;]<\/p>\n","protected":false},"author":1,"featured_media":0,"parent":0,"menu_order":0,"comment_status":"closed","ping_status":"closed","template":"","meta":{"_acf_changed":false,"footnotes":""},"class_list":["post-9285","page","type-page","status-publish","hentry"],"acf":[],"yoast_head":"<!-- This site is optimized with the Yoast SEO plugin v25.6 - https:\/\/yoast.com\/wordpress\/plugins\/seo\/ -->\n<title>Actualidad - ICIP<\/title>\n<meta name=\"robots\" content=\"index, follow, max-snippet:-1, max-image-preview:large, max-video-preview:-1\" \/>\n<link rel=\"canonical\" href=\"https:\/\/www.icip.cat\/es\/actualidad\/\" \/>\n<meta property=\"og:locale\" content=\"es_ES\" \/>\n<meta property=\"og:type\" content=\"article\" \/>\n<meta property=\"og:title\" content=\"Actualidad - ICIP\" \/>\n<meta property=\"og:description\" content=\"Actualidad 24.11.2020 Resoluci\u00f3 definitiva de la convocat\u00f2ria de subvencions 2020 per a entitats 23.11.2020 Visita l&#8217;exposici\u00f3 \u00abM\u00f3n-tanca\u00bb a Sant Quirze del Vall\u00e8s 30.10.2020 L\u2019activista congolesa Julienne Lusenge, Premi ICIP Constructors de Pau 2020 M\u00c1S NOTICIAS Agenda de actividades There are no upcoming events VER TODAS ICIP en los medios Lorem ipsum dolor sit amet, consectetur [&hellip;]\" \/>\n<meta property=\"og:url\" content=\"https:\/\/www.icip.cat\/es\/actualidad\/\" \/>\n<meta property=\"og:site_name\" content=\"ICIP\" \/>\n<meta property=\"article:modified_time\" content=\"2021-01-07T11:55:14+00:00\" \/>\n<meta property=\"og:image\" content=\"http:\/\/www.icip.cat\/wp-content\/uploads\/2020\/11\/logo_geco.jpg_1805848694-500x340.jpg\" \/>\n<meta name=\"twitter:card\" content=\"summary_large_image\" \/>\n<meta name=\"twitter:label1\" content=\"Tiempo de lectura\" \/>\n\t<meta name=\"twitter:data1\" content=\"1 minuto\" \/>\n<script type=\"application\/ld+json\" class=\"yoast-schema-graph\">{\"@context\":\"https:\/\/schema.org\",\"@graph\":[{\"@type\":\"WebPage\",\"@id\":\"https:\/\/www.icip.cat\/es\/actualidad\/\",\"url\":\"https:\/\/www.icip.cat\/es\/actualidad\/\",\"name\":\"Actualidad - ICIP\",\"isPartOf\":{\"@id\":\"https:\/\/www.icip.cat\/ca\/#website\"},\"primaryImageOfPage\":{\"@id\":\"https:\/\/www.icip.cat\/es\/actualidad\/#primaryimage\"},\"image\":{\"@id\":\"https:\/\/www.icip.cat\/es\/actualidad\/#primaryimage\"},\"thumbnailUrl\":\"http:\/\/www.icip.cat\/wp-content\/uploads\/2020\/11\/logo_geco.jpg_1805848694-500x340.jpg\",\"datePublished\":\"2020-12-28T10:28:06+00:00\",\"dateModified\":\"2021-01-07T11:55:14+00:00\",\"inLanguage\":\"es\",\"potentialAction\":[{\"@type\":\"ReadAction\",\"target\":[\"https:\/\/www.icip.cat\/es\/actualidad\/\"]}]},{\"@type\":\"ImageObject\",\"inLanguage\":\"es\",\"@id\":\"https:\/\/www.icip.cat\/es\/actualidad\/#primaryimage\",\"url\":\"http:\/\/www.icip.cat\/wp-content\/uploads\/2020\/11\/logo_geco.jpg_1805848694-500x340.jpg\",\"contentUrl\":\"http:\/\/www.icip.cat\/wp-content\/uploads\/2020\/11\/logo_geco.jpg_1805848694-500x340.jpg\"},{\"@type\":\"WebSite\",\"@id\":\"https:\/\/www.icip.cat\/ca\/#website\",\"url\":\"https:\/\/www.icip.cat\/ca\/\",\"name\":\"ICIP\",\"description\":\"\",\"publisher\":{\"@id\":\"https:\/\/www.icip.cat\/ca\/#organization\"},\"potentialAction\":[{\"@type\":\"SearchAction\",\"target\":{\"@type\":\"EntryPoint\",\"urlTemplate\":\"https:\/\/www.icip.cat\/ca\/?s={search_term_string}\"},\"query-input\":{\"@type\":\"PropertyValueSpecification\",\"valueRequired\":true,\"valueName\":\"search_term_string\"}}],\"inLanguage\":\"es\"},{\"@type\":\"Organization\",\"@id\":\"https:\/\/www.icip.cat\/ca\/#organization\",\"name\":\"ICIP\",\"url\":\"https:\/\/www.icip.cat\/ca\/\",\"logo\":{\"@type\":\"ImageObject\",\"inLanguage\":\"es\",\"@id\":\"https:\/\/www.icip.cat\/ca\/#\/schema\/logo\/image\/\",\"url\":\"https:\/\/www.icip.cat\/wp-content\/uploads\/2021\/02\/logo-2.png\",\"contentUrl\":\"https:\/\/www.icip.cat\/wp-content\/uploads\/2021\/02\/logo-2.png\",\"width\":562,\"height\":391,\"caption\":\"ICIP\"},\"image\":{\"@id\":\"https:\/\/www.icip.cat\/ca\/#\/schema\/logo\/image\/\"}}]}<\/script>\n<!-- \/ Yoast SEO plugin. -->","yoast_head_json":{"title":"Actualidad - ICIP","robots":{"index":"index","follow":"follow","max-snippet":"max-snippet:-1","max-image-preview":"max-image-preview:large","max-video-preview":"max-video-preview:-1"},"canonical":"https:\/\/www.icip.cat\/es\/actualidad\/","og_locale":"es_ES","og_type":"article","og_title":"Actualidad - ICIP","og_description":"Actualidad 24.11.2020 Resoluci\u00f3 definitiva de la convocat\u00f2ria de subvencions 2020 per a entitats 23.11.2020 Visita l&#8217;exposici\u00f3 \u00abM\u00f3n-tanca\u00bb a Sant Quirze del Vall\u00e8s 30.10.2020 L\u2019activista congolesa Julienne Lusenge, Premi ICIP Constructors de Pau 2020 M\u00c1S NOTICIAS Agenda de actividades There are no upcoming events VER TODAS ICIP en los medios Lorem ipsum dolor sit amet, consectetur [&hellip;]","og_url":"https:\/\/www.icip.cat\/es\/actualidad\/","og_site_name":"ICIP","article_modified_time":"2021-01-07T11:55:14+00:00","og_image":[{"url":"http:\/\/www.icip.cat\/wp-content\/uploads\/2020\/11\/logo_geco.jpg_1805848694-500x340.jpg","type":"","width":"","height":""}],"twitter_card":"summary_large_image","twitter_misc":{"Tiempo de lectura":"1 minuto"},"schema":{"@context":"https:\/\/schema.org","@graph":[{"@type":"WebPage","@id":"https:\/\/www.icip.cat\/es\/actualidad\/","url":"https:\/\/www.icip.cat\/es\/actualidad\/","name":"Actualidad - ICIP","isPartOf":{"@id":"https:\/\/www.icip.cat\/ca\/#website"},"primaryImageOfPage":{"@id":"https:\/\/www.icip.cat\/es\/actualidad\/#primaryimage"},"image":{"@id":"https:\/\/www.icip.cat\/es\/actualidad\/#primaryimage"},"thumbnailUrl":"http:\/\/www.icip.cat\/wp-content\/uploads\/2020\/11\/logo_geco.jpg_1805848694-500x340.jpg","datePublished":"2020-12-28T10:28:06+00:00","dateModified":"2021-01-07T11:55:14+00:00","inLanguage":"es","potentialAction":[{"@type":"ReadAction","target":["https:\/\/www.icip.cat\/es\/actualidad\/"]}]},{"@type":"ImageObject","inLanguage":"es","@id":"https:\/\/www.icip.cat\/es\/actualidad\/#primaryimage","url":"http:\/\/www.icip.cat\/wp-content\/uploads\/2020\/11\/logo_geco.jpg_1805848694-500x340.jpg","contentUrl":"http:\/\/www.icip.cat\/wp-content\/uploads\/2020\/11\/logo_geco.jpg_1805848694-500x340.jpg"},{"@type":"WebSite","@id":"https:\/\/www.icip.cat\/ca\/#website","url":"https:\/\/www.icip.cat\/ca\/","name":"ICIP","description":"","publisher":{"@id":"https:\/\/www.icip.cat\/ca\/#organization"},"potentialAction":[{"@type":"SearchAction","target":{"@type":"EntryPoint","urlTemplate":"https:\/\/www.icip.cat\/ca\/?s={search_term_string}"},"query-input":{"@type":"PropertyValueSpecification","valueRequired":true,"valueName":"search_term_string"}}],"inLanguage":"es"},{"@type":"Organization","@id":"https:\/\/www.icip.cat\/ca\/#organization","name":"ICIP","url":"https:\/\/www.icip.cat\/ca\/","logo":{"@type":"ImageObject","inLanguage":"es","@id":"https:\/\/www.icip.cat\/ca\/#\/schema\/logo\/image\/","url":"https:\/\/www.icip.cat\/wp-content\/uploads\/2021\/02\/logo-2.png","contentUrl":"https:\/\/www.icip.cat\/wp-content\/uploads\/2021\/02\/logo-2.png","width":562,"height":391,"caption":"ICIP"},"image":{"@id":"https:\/\/www.icip.cat\/ca\/#\/schema\/logo\/image\/"}}]}},"_links":{"self":[{"href":"https:\/\/www.icip.cat\/es\/wp-json\/wp\/v2\/pages\/9285","targetHints":{"allow":["GET"]}}],"collection":[{"href":"https:\/\/www.icip.cat\/es\/wp-json\/wp\/v2\/pages"}],"about":[{"href":"https:\/\/www.icip.cat\/es\/wp-json\/wp\/v2\/types\/page"}],"author":[{"embeddable":true,"href":"https:\/\/www.icip.cat\/es\/wp-json\/wp\/v2\/users\/1"}],"replies":[{"embeddable":true,"href":"https:\/\/www.icip.cat\/es\/wp-json\/wp\/v2\/comments?post=9285"}],"version-history":[{"count":8,"href":"https:\/\/www.icip.cat\/es\/wp-json\/wp\/v2\/pages\/9285\/revisions"}],"predecessor-version":[{"id":31279,"href":"https:\/\/www.icip.cat\/es\/wp-json\/wp\/v2\/pages\/9285\/revisions\/31279"}],"wp:attachment":[{"href":"https:\/\/www.icip.cat\/es\/wp-json\/wp\/v2\/media?parent=9285"}],"curies":[{"name":"wp","href":"https:\/\/api.w.org\/{rel}","templated":true}]}}