{"id":9397,"date":"2020-12-28T11:19:25","date_gmt":"2020-12-28T11:19:25","guid":{"rendered":"http:\/\/www.icip.cat\/organigrama\/"},"modified":"2025-08-08T07:07:25","modified_gmt":"2025-08-08T07:07:25","slug":"nuestra-estructura","status":"publish","type":"page","link":"https:\/\/www.icip.cat\/es\/nuestra-estructura\/","title":{"rendered":"Nuestra estructura"},"content":{"rendered":"\t\t<div data-elementor-type=\"wp-page\" data-elementor-id=\"9397\" class=\"elementor elementor-9397 elementor-2601\" data-elementor-post-type=\"page\">\n\t\t\t\t\t\t<section class=\"elementor-section elementor-top-section elementor-element elementor-element-1d1c15f elementor-section-boxed elementor-section-height-default elementor-section-height-default\" data-id=\"1d1c15f\" data-element_type=\"section\" data-settings=\"{&quot;background_background&quot;:&quot;classic&quot;}\">\n\t\t\t\t\t\t\t<div class=\"elementor-background-overlay\"><\/div>\n\t\t\t\t\t\t\t<div class=\"elementor-container elementor-column-gap-default\">\n\t\t\t\t\t<div class=\"elementor-column elementor-col-100 elementor-top-column elementor-element elementor-element-8911e9c\" data-id=\"8911e9c\" data-element_type=\"column\">\n\t\t\t<div class=\"elementor-widget-wrap elementor-element-populated\">\n\t\t\t\t\t\t<div class=\"elementor-element elementor-element-d610f28 elementor-widget elementor-widget-heading\" data-id=\"d610f28\" data-element_type=\"widget\" data-widget_type=\"heading.default\">\n\t\t\t\t<div class=\"elementor-widget-container\">\n\t\t\t\t\t<h1 class=\"elementor-heading-title elementor-size-xl\">Nuestra estructura<\/h1>\t\t\t\t<\/div>\n\t\t\t\t<\/div>\n\t\t\t\t\t<\/div>\n\t\t<\/div>\n\t\t\t\t\t<\/div>\n\t\t<\/section>\n\t\t\t\t<section class=\"elementor-section elementor-top-section elementor-element elementor-element-2beaecd elementor-section-boxed elementor-section-height-default elementor-section-height-default\" data-id=\"2beaecd\" data-element_type=\"section\">\n\t\t\t\t\t\t<div class=\"elementor-container elementor-column-gap-default\">\n\t\t\t\t\t<div class=\"elementor-column elementor-col-100 elementor-top-column elementor-element elementor-element-4069748\" data-id=\"4069748\" data-element_type=\"column\">\n\t\t\t<div class=\"elementor-widget-wrap elementor-element-populated\">\n\t\t\t\t\t\t<div class=\"elementor-element elementor-element-1c8da0b elementor-widget elementor-widget-spacer\" data-id=\"1c8da0b\" data-element_type=\"widget\" data-widget_type=\"spacer.default\">\n\t\t\t\t<div class=\"elementor-widget-container\">\n\t\t\t\t\t\t\t<div class=\"elementor-spacer\">\n\t\t\t<div class=\"elementor-spacer-inner\"><\/div>\n\t\t<\/div>\n\t\t\t\t\t\t<\/div>\n\t\t\t\t<\/div>\n\t\t\t\t<div class=\"elementor-element elementor-element-c896ab4 elementor-widget elementor-widget-image\" data-id=\"c896ab4\" data-element_type=\"widget\" data-widget_type=\"image.default\">\n\t\t\t\t<div class=\"elementor-widget-container\">\n\t\t\t\t\t\t\t\t\t\t\t\t\t\t\t<img fetchpriority=\"high\" decoding=\"async\" width=\"1042\" height=\"1196\" src=\"https:\/\/www.icip.cat\/wp-content\/uploads\/2025\/08\/Estructura-ES.png\" class=\"attachment-full size-full wp-image-56188\" alt=\"\" srcset=\"https:\/\/www.icip.cat\/wp-content\/uploads\/2025\/08\/Estructura-ES.png 1042w, https:\/\/www.icip.cat\/wp-content\/uploads\/2025\/08\/Estructura-ES-261x300.png 261w, https:\/\/www.icip.cat\/wp-content\/uploads\/2025\/08\/Estructura-ES-892x1024.png 892w, https:\/\/www.icip.cat\/wp-content\/uploads\/2025\/08\/Estructura-ES-768x882.png 768w\" sizes=\"(max-width: 1042px) 100vw, 1042px\" \/>\t\t\t\t\t\t\t\t\t\t\t\t\t\t\t<\/div>\n\t\t\t\t<\/div>\n\t\t\t\t\t<\/div>\n\t\t<\/div>\n\t\t\t\t\t<\/div>\n\t\t<\/section>\n\t\t\t\t<\/div>\n\t\t","protected":false},"excerpt":{"rendered":"<p>Nuestra estructura<\/p>\n","protected":false},"author":1,"featured_media":0,"parent":0,"menu_order":0,"comment_status":"closed","ping_status":"closed","template":"","meta":{"_acf_changed":false,"footnotes":""},"class_list":["post-9397","page","type-page","status-publish","hentry"],"acf":[],"yoast_head":"<!-- This site is optimized with the Yoast SEO plugin v25.6 - https:\/\/yoast.com\/wordpress\/plugins\/seo\/ -->\n<title>Nuestra estructura - ICIP<\/title>\n<meta name=\"description\" content=\"Conoce la estructura del ICIP: \u00f3rganos de gobierno, direcci\u00f3n y personal al servicio de la construcci\u00f3n de paz.\" \/>\n<meta name=\"robots\" content=\"index, follow, max-snippet:-1, max-image-preview:large, max-video-preview:-1\" \/>\n<link rel=\"canonical\" href=\"https:\/\/www.icip.cat\/es\/nuestra-estructura\/\" \/>\n<meta property=\"og:locale\" content=\"es_ES\" \/>\n<meta property=\"og:type\" content=\"article\" \/>\n<meta property=\"og:title\" content=\"Nuestra estructura - ICIP\" \/>\n<meta property=\"og:description\" content=\"Conoce la estructura del ICIP: \u00f3rganos de gobierno, direcci\u00f3n y personal al servicio de la construcci\u00f3n de paz.\" \/>\n<meta property=\"og:url\" content=\"https:\/\/www.icip.cat\/es\/nuestra-estructura\/\" \/>\n<meta property=\"og:site_name\" content=\"ICIP\" \/>\n<meta property=\"article:modified_time\" content=\"2025-08-08T07:07:25+00:00\" \/>\n<meta property=\"og:image\" content=\"https:\/\/www.icip.cat\/wp-content\/uploads\/2025\/08\/Estructura-ES.png\" \/>\n\t<meta property=\"og:image:width\" content=\"1042\" \/>\n\t<meta property=\"og:image:height\" content=\"1196\" \/>\n\t<meta property=\"og:image:type\" content=\"image\/png\" \/>\n<meta name=\"twitter:card\" content=\"summary_large_image\" \/>\n<meta name=\"twitter:label1\" content=\"Tiempo de lectura\" \/>\n\t<meta name=\"twitter:data1\" content=\"1 minuto\" \/>\n<script type=\"application\/ld+json\" class=\"yoast-schema-graph\">{\"@context\":\"https:\/\/schema.org\",\"@graph\":[{\"@type\":\"WebPage\",\"@id\":\"https:\/\/www.icip.cat\/es\/nuestra-estructura\/\",\"url\":\"https:\/\/www.icip.cat\/es\/nuestra-estructura\/\",\"name\":\"Nuestra estructura - ICIP\",\"isPartOf\":{\"@id\":\"https:\/\/www.icip.cat\/ca\/#website\"},\"primaryImageOfPage\":{\"@id\":\"https:\/\/www.icip.cat\/es\/nuestra-estructura\/#primaryimage\"},\"image\":{\"@id\":\"https:\/\/www.icip.cat\/es\/nuestra-estructura\/#primaryimage\"},\"thumbnailUrl\":\"https:\/\/www.icip.cat\/wp-content\/uploads\/2025\/08\/Estructura-ES.png\",\"datePublished\":\"2020-12-28T11:19:25+00:00\",\"dateModified\":\"2025-08-08T07:07:25+00:00\",\"description\":\"Conoce la estructura del ICIP: \u00f3rganos de gobierno, direcci\u00f3n y personal al servicio de la construcci\u00f3n de paz.\",\"inLanguage\":\"es\",\"potentialAction\":[{\"@type\":\"ReadAction\",\"target\":[\"https:\/\/www.icip.cat\/es\/nuestra-estructura\/\"]}]},{\"@type\":\"ImageObject\",\"inLanguage\":\"es\",\"@id\":\"https:\/\/www.icip.cat\/es\/nuestra-estructura\/#primaryimage\",\"url\":\"https:\/\/www.icip.cat\/wp-content\/uploads\/2025\/08\/Estructura-ES.png\",\"contentUrl\":\"https:\/\/www.icip.cat\/wp-content\/uploads\/2025\/08\/Estructura-ES.png\"},{\"@type\":\"WebSite\",\"@id\":\"https:\/\/www.icip.cat\/ca\/#website\",\"url\":\"https:\/\/www.icip.cat\/ca\/\",\"name\":\"ICIP\",\"description\":\"\",\"publisher\":{\"@id\":\"https:\/\/www.icip.cat\/ca\/#organization\"},\"potentialAction\":[{\"@type\":\"SearchAction\",\"target\":{\"@type\":\"EntryPoint\",\"urlTemplate\":\"https:\/\/www.icip.cat\/ca\/?s={search_term_string}\"},\"query-input\":{\"@type\":\"PropertyValueSpecification\",\"valueRequired\":true,\"valueName\":\"search_term_string\"}}],\"inLanguage\":\"es\"},{\"@type\":\"Organization\",\"@id\":\"https:\/\/www.icip.cat\/ca\/#organization\",\"name\":\"ICIP\",\"url\":\"https:\/\/www.icip.cat\/ca\/\",\"logo\":{\"@type\":\"ImageObject\",\"inLanguage\":\"es\",\"@id\":\"https:\/\/www.icip.cat\/ca\/#\/schema\/logo\/image\/\",\"url\":\"https:\/\/www.icip.cat\/wp-content\/uploads\/2021\/02\/logo-2.png\",\"contentUrl\":\"https:\/\/www.icip.cat\/wp-content\/uploads\/2021\/02\/logo-2.png\",\"width\":562,\"height\":391,\"caption\":\"ICIP\"},\"image\":{\"@id\":\"https:\/\/www.icip.cat\/ca\/#\/schema\/logo\/image\/\"}}]}<\/script>\n<!-- \/ Yoast SEO plugin. -->","yoast_head_json":{"title":"Nuestra estructura - ICIP","description":"Conoce la estructura del ICIP: \u00f3rganos de gobierno, direcci\u00f3n y personal al servicio de la construcci\u00f3n de paz.","robots":{"index":"index","follow":"follow","max-snippet":"max-snippet:-1","max-image-preview":"max-image-preview:large","max-video-preview":"max-video-preview:-1"},"canonical":"https:\/\/www.icip.cat\/es\/nuestra-estructura\/","og_locale":"es_ES","og_type":"article","og_title":"Nuestra estructura - ICIP","og_description":"Conoce la estructura del ICIP: \u00f3rganos de gobierno, direcci\u00f3n y personal al servicio de la construcci\u00f3n de paz.","og_url":"https:\/\/www.icip.cat\/es\/nuestra-estructura\/","og_site_name":"ICIP","article_modified_time":"2025-08-08T07:07:25+00:00","og_image":[{"width":1042,"height":1196,"url":"https:\/\/www.icip.cat\/wp-content\/uploads\/2025\/08\/Estructura-ES.png","type":"image\/png"}],"twitter_card":"summary_large_image","twitter_misc":{"Tiempo de lectura":"1 minuto"},"schema":{"@context":"https:\/\/schema.org","@graph":[{"@type":"WebPage","@id":"https:\/\/www.icip.cat\/es\/nuestra-estructura\/","url":"https:\/\/www.icip.cat\/es\/nuestra-estructura\/","name":"Nuestra estructura - ICIP","isPartOf":{"@id":"https:\/\/www.icip.cat\/ca\/#website"},"primaryImageOfPage":{"@id":"https:\/\/www.icip.cat\/es\/nuestra-estructura\/#primaryimage"},"image":{"@id":"https:\/\/www.icip.cat\/es\/nuestra-estructura\/#primaryimage"},"thumbnailUrl":"https:\/\/www.icip.cat\/wp-content\/uploads\/2025\/08\/Estructura-ES.png","datePublished":"2020-12-28T11:19:25+00:00","dateModified":"2025-08-08T07:07:25+00:00","description":"Conoce la estructura del ICIP: \u00f3rganos de gobierno, direcci\u00f3n y personal al servicio de la construcci\u00f3n de paz.","inLanguage":"es","potentialAction":[{"@type":"ReadAction","target":["https:\/\/www.icip.cat\/es\/nuestra-estructura\/"]}]},{"@type":"ImageObject","inLanguage":"es","@id":"https:\/\/www.icip.cat\/es\/nuestra-estructura\/#primaryimage","url":"https:\/\/www.icip.cat\/wp-content\/uploads\/2025\/08\/Estructura-ES.png","contentUrl":"https:\/\/www.icip.cat\/wp-content\/uploads\/2025\/08\/Estructura-ES.png"},{"@type":"WebSite","@id":"https:\/\/www.icip.cat\/ca\/#website","url":"https:\/\/www.icip.cat\/ca\/","name":"ICIP","description":"","publisher":{"@id":"https:\/\/www.icip.cat\/ca\/#organization"},"potentialAction":[{"@type":"SearchAction","target":{"@type":"EntryPoint","urlTemplate":"https:\/\/www.icip.cat\/ca\/?s={search_term_string}"},"query-input":{"@type":"PropertyValueSpecification","valueRequired":true,"valueName":"search_term_string"}}],"inLanguage":"es"},{"@type":"Organization","@id":"https:\/\/www.icip.cat\/ca\/#organization","name":"ICIP","url":"https:\/\/www.icip.cat\/ca\/","logo":{"@type":"ImageObject","inLanguage":"es","@id":"https:\/\/www.icip.cat\/ca\/#\/schema\/logo\/image\/","url":"https:\/\/www.icip.cat\/wp-content\/uploads\/2021\/02\/logo-2.png","contentUrl":"https:\/\/www.icip.cat\/wp-content\/uploads\/2021\/02\/logo-2.png","width":562,"height":391,"caption":"ICIP"},"image":{"@id":"https:\/\/www.icip.cat\/ca\/#\/schema\/logo\/image\/"}}]}},"_links":{"self":[{"href":"https:\/\/www.icip.cat\/es\/wp-json\/wp\/v2\/pages\/9397","targetHints":{"allow":["GET"]}}],"collection":[{"href":"https:\/\/www.icip.cat\/es\/wp-json\/wp\/v2\/pages"}],"about":[{"href":"https:\/\/www.icip.cat\/es\/wp-json\/wp\/v2\/types\/page"}],"author":[{"embeddable":true,"href":"https:\/\/www.icip.cat\/es\/wp-json\/wp\/v2\/users\/1"}],"replies":[{"embeddable":true,"href":"https:\/\/www.icip.cat\/es\/wp-json\/wp\/v2\/comments?post=9397"}],"version-history":[{"count":32,"href":"https:\/\/www.icip.cat\/es\/wp-json\/wp\/v2\/pages\/9397\/revisions"}],"predecessor-version":[{"id":56200,"href":"https:\/\/www.icip.cat\/es\/wp-json\/wp\/v2\/pages\/9397\/revisions\/56200"}],"wp:attachment":[{"href":"https:\/\/www.icip.cat\/es\/wp-json\/wp\/v2\/media?parent=9397"}],"curies":[{"name":"wp","href":"https:\/\/api.w.org\/{rel}","templated":true}]}}