{"id":9426,"date":"2020-12-28T11:54:32","date_gmt":"2020-12-28T11:54:32","guid":{"rendered":"http:\/\/www.icip.cat\/presupuestos-aprobados-ejecutados-y-liquidados-del-icip\/"},"modified":"2025-03-10T15:35:05","modified_gmt":"2025-03-10T15:35:05","slug":"presupuestos-aprobados-ejecutados-y-liquidados-del-icip","status":"publish","type":"page","link":"https:\/\/www.icip.cat\/es\/presupuestos-aprobados-ejecutados-y-liquidados-del-icip\/","title":{"rendered":"Presupuestos aprobados, ejecutados y liquidados del ICIP"},"content":{"rendered":"\t\t<div data-elementor-type=\"wp-page\" data-elementor-id=\"9426\" class=\"elementor elementor-9426 elementor-1146\" data-elementor-post-type=\"page\">\n\t\t\t\t\t\t<section class=\"elementor-section elementor-top-section elementor-element elementor-element-bb048ce elementor-section-boxed elementor-section-height-default elementor-section-height-default\" data-id=\"bb048ce\" data-element_type=\"section\" data-settings=\"{&quot;background_background&quot;:&quot;classic&quot;}\">\n\t\t\t\t\t\t\t<div class=\"elementor-background-overlay\"><\/div>\n\t\t\t\t\t\t\t<div class=\"elementor-container elementor-column-gap-default\">\n\t\t\t\t\t<div class=\"elementor-column elementor-col-100 elementor-top-column elementor-element elementor-element-6744163\" data-id=\"6744163\" data-element_type=\"column\">\n\t\t\t<div class=\"elementor-widget-wrap elementor-element-populated\">\n\t\t\t\t\t\t<div class=\"elementor-element elementor-element-823374b elementor-widget elementor-widget-heading\" data-id=\"823374b\" data-element_type=\"widget\" data-widget_type=\"heading.default\">\n\t\t\t\t<div class=\"elementor-widget-container\">\n\t\t\t\t\t<h1 class=\"elementor-heading-title elementor-size-xl\">Presupuestos aprobados, ejecutados y liquidados del ICIP <\/h1>\t\t\t\t<\/div>\n\t\t\t\t<\/div>\n\t\t\t\t\t<\/div>\n\t\t<\/div>\n\t\t\t\t\t<\/div>\n\t\t<\/section>\n\t\t\t\t<section class=\"elementor-section elementor-top-section elementor-element elementor-element-f88e8fb elementor-section-boxed elementor-section-height-default elementor-section-height-default\" data-id=\"f88e8fb\" data-element_type=\"section\">\n\t\t\t\t\t\t<div class=\"elementor-container elementor-column-gap-default\">\n\t\t\t\t\t<div class=\"elementor-column elementor-col-100 elementor-top-column elementor-element elementor-element-96ec6cd\" data-id=\"96ec6cd\" data-element_type=\"column\">\n\t\t\t<div class=\"elementor-widget-wrap elementor-element-populated\">\n\t\t\t\t\t\t<div class=\"elementor-element elementor-element-5ff830c elementor-widget elementor-widget-text-editor\" data-id=\"5ff830c\" data-element_type=\"widget\" data-widget_type=\"text-editor.default\">\n\t\t\t\t<div class=\"elementor-widget-container\">\n\t\t\t\t\t\t\t\t\t<p data-start=\"44\" data-end=\"238\">Los presupuestos aprobados, ejecutados y liquidados del ICIP est\u00e1n disponibles en nuestra memoria de actividades. La memoria del a\u00f1o anterior se publica durante el primer trimestre del a\u00f1o en curso.<\/p><p data-start=\"240\" data-end=\"293\">Para m\u00e1s detalles, consulta el siguiente enlace:<\/p><h4><a href=\"https:\/\/www.icip.cat\/es\/memorias-de-actividades\/\">Memoria de actividades<\/a><\/h4>\t\t\t\t\t\t\t\t<\/div>\n\t\t\t\t<\/div>\n\t\t\t\t\t<\/div>\n\t\t<\/div>\n\t\t\t\t\t<\/div>\n\t\t<\/section>\n\t\t\t\t<\/div>\n\t\t","protected":false},"excerpt":{"rendered":"<p>Presupuestos aprobados, ejecutados y liquidados del ICIP Los presupuestos aprobados, ejecutados y liquidados del ICIP est\u00e1n disponibles en nuestra memoria de actividades. La memoria del a\u00f1o anterior se publica durante el primer trimestre del a\u00f1o en curso. Para m\u00e1s detalles, consulta el siguiente enlace: Memoria de actividades<\/p>\n","protected":false},"author":1,"featured_media":0,"parent":0,"menu_order":0,"comment_status":"closed","ping_status":"closed","template":"","meta":{"_acf_changed":false,"footnotes":""},"class_list":["post-9426","page","type-page","status-publish","hentry"],"acf":[],"yoast_head":"<!-- This site is optimized with the Yoast SEO plugin v25.6 - https:\/\/yoast.com\/wordpress\/plugins\/seo\/ -->\n<title>Presupuestos aprobados, ejecutados y liquidados del ICIP - ICIP<\/title>\n<meta name=\"robots\" content=\"index, follow, max-snippet:-1, max-image-preview:large, max-video-preview:-1\" \/>\n<link rel=\"canonical\" href=\"https:\/\/www.icip.cat\/ca\/pressupostos-aprovats-executats-i-liquidats-de-licip\/\" \/>\n<meta property=\"og:locale\" content=\"es_ES\" \/>\n<meta property=\"og:type\" content=\"article\" \/>\n<meta property=\"og:title\" content=\"Presupuestos aprobados, ejecutados y liquidados del ICIP - ICIP\" \/>\n<meta property=\"og:description\" content=\"Presupuestos aprobados, ejecutados y liquidados del ICIP Los presupuestos aprobados, ejecutados y liquidados del ICIP est\u00e1n disponibles en nuestra memoria de actividades. La memoria del a\u00f1o anterior se publica durante el primer trimestre del a\u00f1o en curso. Para m\u00e1s detalles, consulta el siguiente enlace: Memoria de actividades\" \/>\n<meta property=\"og:url\" content=\"https:\/\/www.icip.cat\/ca\/pressupostos-aprovats-executats-i-liquidats-de-licip\/\" \/>\n<meta property=\"og:site_name\" content=\"ICIP\" \/>\n<meta property=\"article:modified_time\" content=\"2025-03-10T15:35:05+00:00\" \/>\n<meta name=\"twitter:card\" content=\"summary_large_image\" \/>\n<meta name=\"twitter:label1\" content=\"Tiempo de lectura\" \/>\n\t<meta name=\"twitter:data1\" content=\"1 minuto\" \/>\n<script type=\"application\/ld+json\" class=\"yoast-schema-graph\">{\"@context\":\"https:\/\/schema.org\",\"@graph\":[{\"@type\":\"WebPage\",\"@id\":\"https:\/\/www.icip.cat\/ca\/pressupostos-aprovats-executats-i-liquidats-de-licip\/\",\"url\":\"https:\/\/www.icip.cat\/ca\/pressupostos-aprovats-executats-i-liquidats-de-licip\/\",\"name\":\"Presupuestos aprobados, ejecutados y liquidados del ICIP - ICIP\",\"isPartOf\":{\"@id\":\"https:\/\/www.icip.cat\/ca\/#website\"},\"datePublished\":\"2020-12-28T11:54:32+00:00\",\"dateModified\":\"2025-03-10T15:35:05+00:00\",\"inLanguage\":\"es\",\"potentialAction\":[{\"@type\":\"ReadAction\",\"target\":[\"https:\/\/www.icip.cat\/ca\/pressupostos-aprovats-executats-i-liquidats-de-licip\/\"]}]},{\"@type\":\"WebSite\",\"@id\":\"https:\/\/www.icip.cat\/ca\/#website\",\"url\":\"https:\/\/www.icip.cat\/ca\/\",\"name\":\"ICIP\",\"description\":\"\",\"publisher\":{\"@id\":\"https:\/\/www.icip.cat\/ca\/#organization\"},\"potentialAction\":[{\"@type\":\"SearchAction\",\"target\":{\"@type\":\"EntryPoint\",\"urlTemplate\":\"https:\/\/www.icip.cat\/ca\/?s={search_term_string}\"},\"query-input\":{\"@type\":\"PropertyValueSpecification\",\"valueRequired\":true,\"valueName\":\"search_term_string\"}}],\"inLanguage\":\"es\"},{\"@type\":\"Organization\",\"@id\":\"https:\/\/www.icip.cat\/ca\/#organization\",\"name\":\"ICIP\",\"url\":\"https:\/\/www.icip.cat\/ca\/\",\"logo\":{\"@type\":\"ImageObject\",\"inLanguage\":\"es\",\"@id\":\"https:\/\/www.icip.cat\/ca\/#\/schema\/logo\/image\/\",\"url\":\"https:\/\/www.icip.cat\/wp-content\/uploads\/2021\/02\/logo-2.png\",\"contentUrl\":\"https:\/\/www.icip.cat\/wp-content\/uploads\/2021\/02\/logo-2.png\",\"width\":562,\"height\":391,\"caption\":\"ICIP\"},\"image\":{\"@id\":\"https:\/\/www.icip.cat\/ca\/#\/schema\/logo\/image\/\"}}]}<\/script>\n<!-- \/ Yoast SEO plugin. -->","yoast_head_json":{"title":"Presupuestos aprobados, ejecutados y liquidados del ICIP - ICIP","robots":{"index":"index","follow":"follow","max-snippet":"max-snippet:-1","max-image-preview":"max-image-preview:large","max-video-preview":"max-video-preview:-1"},"canonical":"https:\/\/www.icip.cat\/ca\/pressupostos-aprovats-executats-i-liquidats-de-licip\/","og_locale":"es_ES","og_type":"article","og_title":"Presupuestos aprobados, ejecutados y liquidados del ICIP - ICIP","og_description":"Presupuestos aprobados, ejecutados y liquidados del ICIP Los presupuestos aprobados, ejecutados y liquidados del ICIP est\u00e1n disponibles en nuestra memoria de actividades. La memoria del a\u00f1o anterior se publica durante el primer trimestre del a\u00f1o en curso. Para m\u00e1s detalles, consulta el siguiente enlace: Memoria de actividades","og_url":"https:\/\/www.icip.cat\/ca\/pressupostos-aprovats-executats-i-liquidats-de-licip\/","og_site_name":"ICIP","article_modified_time":"2025-03-10T15:35:05+00:00","twitter_card":"summary_large_image","twitter_misc":{"Tiempo de lectura":"1 minuto"},"schema":{"@context":"https:\/\/schema.org","@graph":[{"@type":"WebPage","@id":"https:\/\/www.icip.cat\/ca\/pressupostos-aprovats-executats-i-liquidats-de-licip\/","url":"https:\/\/www.icip.cat\/ca\/pressupostos-aprovats-executats-i-liquidats-de-licip\/","name":"Presupuestos aprobados, ejecutados y liquidados del ICIP - ICIP","isPartOf":{"@id":"https:\/\/www.icip.cat\/ca\/#website"},"datePublished":"2020-12-28T11:54:32+00:00","dateModified":"2025-03-10T15:35:05+00:00","inLanguage":"es","potentialAction":[{"@type":"ReadAction","target":["https:\/\/www.icip.cat\/ca\/pressupostos-aprovats-executats-i-liquidats-de-licip\/"]}]},{"@type":"WebSite","@id":"https:\/\/www.icip.cat\/ca\/#website","url":"https:\/\/www.icip.cat\/ca\/","name":"ICIP","description":"","publisher":{"@id":"https:\/\/www.icip.cat\/ca\/#organization"},"potentialAction":[{"@type":"SearchAction","target":{"@type":"EntryPoint","urlTemplate":"https:\/\/www.icip.cat\/ca\/?s={search_term_string}"},"query-input":{"@type":"PropertyValueSpecification","valueRequired":true,"valueName":"search_term_string"}}],"inLanguage":"es"},{"@type":"Organization","@id":"https:\/\/www.icip.cat\/ca\/#organization","name":"ICIP","url":"https:\/\/www.icip.cat\/ca\/","logo":{"@type":"ImageObject","inLanguage":"es","@id":"https:\/\/www.icip.cat\/ca\/#\/schema\/logo\/image\/","url":"https:\/\/www.icip.cat\/wp-content\/uploads\/2021\/02\/logo-2.png","contentUrl":"https:\/\/www.icip.cat\/wp-content\/uploads\/2021\/02\/logo-2.png","width":562,"height":391,"caption":"ICIP"},"image":{"@id":"https:\/\/www.icip.cat\/ca\/#\/schema\/logo\/image\/"}}]}},"_links":{"self":[{"href":"https:\/\/www.icip.cat\/es\/wp-json\/wp\/v2\/pages\/9426","targetHints":{"allow":["GET"]}}],"collection":[{"href":"https:\/\/www.icip.cat\/es\/wp-json\/wp\/v2\/pages"}],"about":[{"href":"https:\/\/www.icip.cat\/es\/wp-json\/wp\/v2\/types\/page"}],"author":[{"embeddable":true,"href":"https:\/\/www.icip.cat\/es\/wp-json\/wp\/v2\/users\/1"}],"replies":[{"embeddable":true,"href":"https:\/\/www.icip.cat\/es\/wp-json\/wp\/v2\/comments?post=9426"}],"version-history":[{"count":22,"href":"https:\/\/www.icip.cat\/es\/wp-json\/wp\/v2\/pages\/9426\/revisions"}],"predecessor-version":[{"id":52658,"href":"https:\/\/www.icip.cat\/es\/wp-json\/wp\/v2\/pages\/9426\/revisions\/52658"}],"wp:attachment":[{"href":"https:\/\/www.icip.cat\/es\/wp-json\/wp\/v2\/media?parent=9426"}],"curies":[{"name":"wp","href":"https:\/\/api.w.org\/{rel}","templated":true}]}}