{"id":9455,"date":"2020-12-28T15:17:41","date_gmt":"2020-12-28T15:17:41","guid":{"rendered":"http:\/\/www.icip.cat\/quienes-somos\/la-junta-de-gobierno\/"},"modified":"2025-07-18T07:01:15","modified_gmt":"2025-07-18T07:01:15","slug":"la-junta-de-gobierno","status":"publish","type":"page","link":"https:\/\/www.icip.cat\/es\/quienes-somos\/la-junta-de-gobierno\/","title":{"rendered":"La Junta de Gobierno"},"content":{"rendered":"\t\t<div data-elementor-type=\"wp-page\" data-elementor-id=\"9455\" class=\"elementor elementor-9455 elementor-472\" data-elementor-post-type=\"page\">\n\t\t\t\t\t\t<section class=\"elementor-section elementor-top-section elementor-element elementor-element-6cd84f9 elementor-section-boxed elementor-section-height-default elementor-section-height-default\" data-id=\"6cd84f9\" data-element_type=\"section\" data-settings=\"{&quot;background_background&quot;:&quot;classic&quot;}\">\n\t\t\t\t\t\t\t<div class=\"elementor-background-overlay\"><\/div>\n\t\t\t\t\t\t\t<div class=\"elementor-container elementor-column-gap-default\">\n\t\t\t\t\t<div class=\"elementor-column elementor-col-100 elementor-top-column elementor-element elementor-element-ea770d1\" data-id=\"ea770d1\" data-element_type=\"column\">\n\t\t\t<div class=\"elementor-widget-wrap elementor-element-populated\">\n\t\t\t\t\t\t<div class=\"elementor-element elementor-element-264fbb4 elementor-widget elementor-widget-heading\" data-id=\"264fbb4\" data-element_type=\"widget\" data-widget_type=\"heading.default\">\n\t\t\t\t<div class=\"elementor-widget-container\">\n\t\t\t\t\t<h1 class=\"elementor-heading-title elementor-size-xl\">Junta de Gobierno<\/h1>\t\t\t\t<\/div>\n\t\t\t\t<\/div>\n\t\t\t\t\t<\/div>\n\t\t<\/div>\n\t\t\t\t\t<\/div>\n\t\t<\/section>\n\t\t\t\t<section class=\"elementor-section elementor-top-section elementor-element elementor-element-aeb6d55 elementor-section-boxed elementor-section-height-default elementor-section-height-default\" data-id=\"aeb6d55\" data-element_type=\"section\">\n\t\t\t\t\t\t<div class=\"elementor-container elementor-column-gap-default\">\n\t\t\t\t\t<div class=\"elementor-column elementor-col-100 elementor-top-column elementor-element elementor-element-5275352\" data-id=\"5275352\" data-element_type=\"column\">\n\t\t\t<div class=\"elementor-widget-wrap\">\n\t\t\t\t\t\t\t<\/div>\n\t\t<\/div>\n\t\t\t\t\t<\/div>\n\t\t<\/section>\n\t\t\t\t<section class=\"elementor-section elementor-top-section elementor-element elementor-element-338eb13 elementor-section-boxed elementor-section-height-default elementor-section-height-default\" data-id=\"338eb13\" data-element_type=\"section\" data-settings=\"{&quot;background_background&quot;:&quot;classic&quot;}\">\n\t\t\t\t\t\t<div class=\"elementor-container elementor-column-gap-extended\">\n\t\t\t\t\t<div class=\"elementor-column elementor-col-100 elementor-top-column elementor-element elementor-element-e37d0c5\" data-id=\"e37d0c5\" data-element_type=\"column\">\n\t\t\t<div class=\"elementor-widget-wrap elementor-element-populated\">\n\t\t\t\t\t\t<div class=\"elementor-element elementor-element-fa7a545 elementor-widget elementor-widget-heading\" data-id=\"fa7a545\" data-element_type=\"widget\" data-widget_type=\"heading.default\">\n\t\t\t\t<div class=\"elementor-widget-container\">\n\t\t\t\t\t<h2 class=\"elementor-heading-title elementor-size-default\">Miembros elegidos por el Parlamento<\/h2>\t\t\t\t<\/div>\n\t\t\t\t<\/div>\n\t\t\t\t<div class=\"elementor-element elementor-element-afed7a1 elementor-widget elementor-widget-icip-teamlisting\" data-id=\"afed7a1\" data-element_type=\"widget\" data-widget_type=\"icip-teamlisting.default\">\n\t\t\t\t<div class=\"elementor-widget-container\">\n\t\t\t\t\t<div section class=\"block-team-listing\"><div class=\"list\"><article class='entry'><div class=\"image\"><a href=\"https:\/\/www.icip.cat\/es\/team\/marco-aparicio-i-wilhelmi\/\" title=\"Marco Aparicio Wilhelmi\"><img fetchpriority=\"high\" decoding=\"async\" width=\"300\" height=\"300\" src=\"https:\/\/www.icip.cat\/wp-content\/uploads\/2020\/12\/EQUIPO_ICIP_MarcoAparicio-300x300.jpg\" class=\"attachment-teamlisting-thumbnail size-teamlisting-thumbnail wp-post-image\" alt=\"\" srcset=\"https:\/\/www.icip.cat\/wp-content\/uploads\/2020\/12\/EQUIPO_ICIP_MarcoAparicio-300x300.jpg 300w, https:\/\/www.icip.cat\/wp-content\/uploads\/2020\/12\/EQUIPO_ICIP_MarcoAparicio-1024x1024.jpg 1024w, https:\/\/www.icip.cat\/wp-content\/uploads\/2020\/12\/EQUIPO_ICIP_MarcoAparicio-150x150.jpg 150w, https:\/\/www.icip.cat\/wp-content\/uploads\/2020\/12\/EQUIPO_ICIP_MarcoAparicio-768x768.jpg 768w, https:\/\/www.icip.cat\/wp-content\/uploads\/2020\/12\/EQUIPO_ICIP_MarcoAparicio.jpg 1208w\" sizes=\"(max-width: 300px) 100vw, 300px\" \/><\/a><\/div><div class=\"details\"><a href=\"https:\/\/www.icip.cat\/es\/team\/marco-aparicio-i-wilhelmi\/\" title=\"Marco Aparicio Wilhelmi\"> <h2 class=\"title\">Marco Aparicio Wilhelmi<\/h2><\/a><div class=\"subtitle\"><p>Profesor de Derecho Constitucional de la Universitat de Girona, UdG<\/p><\/div><\/div><\/article><article class='entry'><div class=\"image\"><a href=\"https:\/\/www.icip.cat\/es\/team\/elena-jimenez-botias\/\" title=\"Elena Jim\u00e9nez-Bot\u00edas\"><img decoding=\"async\" width=\"300\" height=\"300\" src=\"https:\/\/www.icip.cat\/wp-content\/uploads\/2025\/02\/Elena-Jimenez-300x300.jpg\" class=\"attachment-teamlisting-thumbnail size-teamlisting-thumbnail wp-post-image\" alt=\"\" srcset=\"https:\/\/www.icip.cat\/wp-content\/uploads\/2025\/02\/Elena-Jimenez-300x300.jpg 300w, https:\/\/www.icip.cat\/wp-content\/uploads\/2025\/02\/Elena-Jimenez-150x150.jpg 150w, https:\/\/www.icip.cat\/wp-content\/uploads\/2025\/02\/Elena-Jimenez-400x400.jpg 400w, https:\/\/www.icip.cat\/wp-content\/uploads\/2025\/02\/Elena-Jimenez-600x600.jpg 600w\" sizes=\"(max-width: 300px) 100vw, 300px\" \/><\/a><\/div><div class=\"details\"><a href=\"https:\/\/www.icip.cat\/es\/team\/elena-jimenez-botias\/\" title=\"Elena Jim\u00e9nez-Bot\u00edas\"> <h2 class=\"title\">Elena Jim\u00e9nez-Bot\u00edas<\/h2><\/a><div class=\"subtitle\"><p>Jurista y doctora en Ciencias Pol\u00edticas, profesora de estudios internacionales en la UB<\/p><\/div><\/div><\/article><article class='entry'><div class=\"image\"><a href=\"https:\/\/www.icip.cat\/es\/team\/xavier-masllorens-escubos\/\" title=\"Xavier Masllorens Escub\u00f3s\"><img decoding=\"async\" width=\"300\" height=\"300\" src=\"https:\/\/www.icip.cat\/wp-content\/uploads\/2024\/02\/Xavier-2-e1708515118199-300x300.jpg\" class=\"attachment-teamlisting-thumbnail size-teamlisting-thumbnail wp-post-image\" alt=\"\" srcset=\"https:\/\/www.icip.cat\/wp-content\/uploads\/2024\/02\/Xavier-2-e1708515118199-300x300.jpg 300w, https:\/\/www.icip.cat\/wp-content\/uploads\/2024\/02\/Xavier-2-e1708515118199-150x150.jpg 150w\" sizes=\"(max-width: 300px) 100vw, 300px\" \/><\/a><\/div><div class=\"details\"><a href=\"https:\/\/www.icip.cat\/es\/team\/xavier-masllorens-escubos\/\" title=\"Xavier Masllorens Escub\u00f3s\"> <h2 class=\"title\">Xavier Masllorens Escub\u00f3s<\/h2><\/a><div class=\"subtitle\"><p>Presidencia<\/p><\/div><\/div><\/article><article class='entry'><div class=\"image\"><a href=\"https:\/\/www.icip.cat\/es\/team\/oscar-mateos-i-martin\/\" title=\"Oscar Mateos Martin\"><img loading=\"lazy\" decoding=\"async\" width=\"300\" height=\"300\" src=\"https:\/\/www.icip.cat\/wp-content\/uploads\/2020\/12\/EQUIPO_ICIP_OscarMateos-300x300.jpg\" class=\"attachment-teamlisting-thumbnail size-teamlisting-thumbnail wp-post-image\" alt=\"\" srcset=\"https:\/\/www.icip.cat\/wp-content\/uploads\/2020\/12\/EQUIPO_ICIP_OscarMateos-300x300.jpg 300w, https:\/\/www.icip.cat\/wp-content\/uploads\/2020\/12\/EQUIPO_ICIP_OscarMateos-1024x1024.jpg 1024w, https:\/\/www.icip.cat\/wp-content\/uploads\/2020\/12\/EQUIPO_ICIP_OscarMateos-150x150.jpg 150w, https:\/\/www.icip.cat\/wp-content\/uploads\/2020\/12\/EQUIPO_ICIP_OscarMateos-768x768.jpg 768w, https:\/\/www.icip.cat\/wp-content\/uploads\/2020\/12\/EQUIPO_ICIP_OscarMateos-1536x1536.jpg 1536w, https:\/\/www.icip.cat\/wp-content\/uploads\/2020\/12\/EQUIPO_ICIP_OscarMateos.jpg 1700w\" sizes=\"(max-width: 300px) 100vw, 300px\" \/><\/a><\/div><div class=\"details\"><a href=\"https:\/\/www.icip.cat\/es\/team\/oscar-mateos-i-martin\/\" title=\"Oscar Mateos Martin\"> <h2 class=\"title\">Oscar Mateos Martin<\/h2><\/a><div class=\"subtitle\"><p>Profesor de la Universitat Ramon Llull y coordinador del Grupo de investigaci\u00f3n GLOBALCODES<\/p><\/div><\/div><\/article><article class='entry'><div class=\"image\"><a href=\"https:\/\/www.icip.cat\/es\/team\/nour-salameh\/\" title=\"Nour Salameh\"><img loading=\"lazy\" decoding=\"async\" width=\"300\" height=\"300\" src=\"https:\/\/www.icip.cat\/wp-content\/uploads\/2021\/10\/nour-300x300.png\" class=\"attachment-teamlisting-thumbnail size-teamlisting-thumbnail wp-post-image\" alt=\"\" srcset=\"https:\/\/www.icip.cat\/wp-content\/uploads\/2021\/10\/nour-300x300.png 300w, https:\/\/www.icip.cat\/wp-content\/uploads\/2021\/10\/nour-150x150.png 150w\" sizes=\"(max-width: 300px) 100vw, 300px\" \/><\/a><\/div><div class=\"details\"><a href=\"https:\/\/www.icip.cat\/es\/team\/nour-salameh\/\" title=\"Nour Salameh\"> <h2 class=\"title\">Nour Salameh<\/h2><\/a><div class=\"subtitle\"><p>Doctora en Historia<\/p><\/div><\/div><\/article><article class='entry'><div class=\"image\"><a href=\"https:\/\/www.icip.cat\/es\/team\/remei-sipi-mayo\/\" title=\"Remei Sipi Mayo\"><img loading=\"lazy\" decoding=\"async\" width=\"300\" height=\"300\" src=\"https:\/\/www.icip.cat\/wp-content\/uploads\/2021\/10\/remei-300x300.png\" class=\"attachment-teamlisting-thumbnail size-teamlisting-thumbnail wp-post-image\" alt=\"\" srcset=\"https:\/\/www.icip.cat\/wp-content\/uploads\/2021\/10\/remei-300x300.png 300w, https:\/\/www.icip.cat\/wp-content\/uploads\/2021\/10\/remei-150x150.png 150w\" sizes=\"(max-width: 300px) 100vw, 300px\" \/><\/a><\/div><div class=\"details\"><a href=\"https:\/\/www.icip.cat\/es\/team\/remei-sipi-mayo\/\" title=\"Remei Sipi Mayo\"> <h2 class=\"title\">Remei Sipi Mayo<\/h2><\/a><div class=\"subtitle\"><p>Activista y escritora <\/p><\/div><\/div><\/article><article class='entry'><div class=\"image\"><a href=\"https:\/\/www.icip.cat\/es\/team\/lurdes-vidal\/\" title=\"Lurdes Vidal Bertran\"><img loading=\"lazy\" decoding=\"async\" width=\"300\" height=\"300\" src=\"https:\/\/www.icip.cat\/wp-content\/uploads\/2025\/02\/Lurdes-Vidal-1-300x300.jpg\" class=\"attachment-teamlisting-thumbnail size-teamlisting-thumbnail wp-post-image\" alt=\"\" srcset=\"https:\/\/www.icip.cat\/wp-content\/uploads\/2025\/02\/Lurdes-Vidal-1-300x300.jpg 300w, https:\/\/www.icip.cat\/wp-content\/uploads\/2025\/02\/Lurdes-Vidal-1-150x150.jpg 150w, https:\/\/www.icip.cat\/wp-content\/uploads\/2025\/02\/Lurdes-Vidal-1-400x400.jpg 400w, https:\/\/www.icip.cat\/wp-content\/uploads\/2025\/02\/Lurdes-Vidal-1-600x600.jpg 600w\" sizes=\"(max-width: 300px) 100vw, 300px\" \/><\/a><\/div><div class=\"details\"><a href=\"https:\/\/www.icip.cat\/es\/team\/lurdes-vidal\/\" title=\"Lurdes Vidal Bertran\"> <h2 class=\"title\">Lurdes Vidal Bertran<\/h2><\/a><div class=\"subtitle\"><p>Profesora de relaciones internacionales y de pol\u00edtica \u00e1rabe<\/p><\/div><\/div><\/article><\/div><\/div>\t\t\t\t<\/div>\n\t\t\t\t<\/div>\n\t\t\t\t\t<\/div>\n\t\t<\/div>\n\t\t\t\t\t<\/div>\n\t\t<\/section>\n\t\t\t\t<section class=\"elementor-section elementor-top-section elementor-element elementor-element-0d94186 elementor-section-boxed elementor-section-height-default elementor-section-height-default\" data-id=\"0d94186\" data-element_type=\"section\" data-settings=\"{&quot;background_background&quot;:&quot;classic&quot;}\">\n\t\t\t\t\t\t<div class=\"elementor-container elementor-column-gap-extended\">\n\t\t\t\t\t<div class=\"elementor-column elementor-col-100 elementor-top-column elementor-element elementor-element-d79127b\" data-id=\"d79127b\" data-element_type=\"column\">\n\t\t\t<div class=\"elementor-widget-wrap elementor-element-populated\">\n\t\t\t\t\t\t<div class=\"elementor-element elementor-element-98294c8 elementor-widget elementor-widget-heading\" data-id=\"98294c8\" data-element_type=\"widget\" data-widget_type=\"heading.default\">\n\t\t\t\t<div class=\"elementor-widget-container\">\n\t\t\t\t\t<h2 class=\"elementor-heading-title elementor-size-default\">Miembros designados por el Gobierno<\/h2>\t\t\t\t<\/div>\n\t\t\t\t<\/div>\n\t\t\t\t<div class=\"elementor-element elementor-element-5422f0e elementor-widget elementor-widget-icip-teamlisting\" data-id=\"5422f0e\" data-element_type=\"widget\" data-widget_type=\"icip-teamlisting.default\">\n\t\t\t\t<div class=\"elementor-widget-container\">\n\t\t\t\t\t<div section class=\"block-team-listing\"><div class=\"list\"><article class='entry'><div class=\"image\"><a href=\"https:\/\/www.icip.cat\/es\/team\/andrea-costafreda-i-quesada\/\" title=\"Andrea Costafreda i Quesada\"><img loading=\"lazy\" decoding=\"async\" width=\"300\" height=\"300\" src=\"https:\/\/www.icip.cat\/wp-content\/uploads\/2025\/03\/Andrea-2-rec-e1574713175527-300x300.webp\" class=\"attachment-teamlisting-thumbnail size-teamlisting-thumbnail wp-post-image\" alt=\"\" srcset=\"https:\/\/www.icip.cat\/wp-content\/uploads\/2025\/03\/Andrea-2-rec-e1574713175527-300x300.webp 300w, https:\/\/www.icip.cat\/wp-content\/uploads\/2025\/03\/Andrea-2-rec-e1574713175527-150x150.webp 150w\" sizes=\"(max-width: 300px) 100vw, 300px\" \/><\/a><\/div><div class=\"details\"><a href=\"https:\/\/www.icip.cat\/es\/team\/andrea-costafreda-i-quesada\/\" title=\"Andrea Costafreda i Quesada\"> <h2 class=\"title\">Andrea Costafreda i Quesada<\/h2><\/a><div class=\"subtitle\"><p>Directora General de Cooperaci\u00f3n al Desarrollo<\/p><\/div><\/div><\/article><article class='entry'><div class=\"image\"><a href=\"https:\/\/www.icip.cat\/es\/team\/blanca-garces-i-mascarenas\/\" title=\"Blanca Garc\u00e9s i Mascare\u00f1as\"><img loading=\"lazy\" decoding=\"async\" width=\"300\" height=\"300\" src=\"https:\/\/www.icip.cat\/wp-content\/uploads\/2025\/03\/Foto_BGarces_CIDOB-300x300.jpg\" class=\"attachment-teamlisting-thumbnail size-teamlisting-thumbnail wp-post-image\" alt=\"\" srcset=\"https:\/\/www.icip.cat\/wp-content\/uploads\/2025\/03\/Foto_BGarces_CIDOB-300x300.jpg 300w, https:\/\/www.icip.cat\/wp-content\/uploads\/2025\/03\/Foto_BGarces_CIDOB-150x150.jpg 150w\" sizes=\"(max-width: 300px) 100vw, 300px\" \/><\/a><\/div><div class=\"details\"><a href=\"https:\/\/www.icip.cat\/es\/team\/blanca-garces-i-mascarenas\/\" title=\"Blanca Garc\u00e9s i Mascare\u00f1as\"> <h2 class=\"title\">Blanca Garc\u00e9s i Mascare\u00f1as<\/h2><\/a><div class=\"subtitle\"><p>Investigador senior del \u00e1rea de migraciones del CIDOB<\/p><\/div><\/div><\/article><article class='entry'><div class=\"image\"><a href=\"https:\/\/www.icip.cat\/es\/team\/agusti-fernandez-de-losada-i-passols\/\" title=\"Agust\u00ed Fern\u00e1ndez de Losada i Passols\"><img loading=\"lazy\" decoding=\"async\" width=\"300\" height=\"300\" src=\"https:\/\/www.icip.cat\/wp-content\/uploads\/2025\/03\/Agusti-300x300.jpeg\" class=\"attachment-teamlisting-thumbnail size-teamlisting-thumbnail wp-post-image\" alt=\"\" srcset=\"https:\/\/www.icip.cat\/wp-content\/uploads\/2025\/03\/Agusti-300x300.jpeg 300w, https:\/\/www.icip.cat\/wp-content\/uploads\/2025\/03\/Agusti-150x150.jpeg 150w, https:\/\/www.icip.cat\/wp-content\/uploads\/2025\/03\/Agusti-768x768.jpeg 768w, https:\/\/www.icip.cat\/wp-content\/uploads\/2025\/03\/Agusti.jpeg 800w\" sizes=\"(max-width: 300px) 100vw, 300px\" \/><\/a><\/div><div class=\"details\"><a href=\"https:\/\/www.icip.cat\/es\/team\/agusti-fernandez-de-losada-i-passols\/\" title=\"Agust\u00ed Fern\u00e1ndez de Losada i Passols\"> <h2 class=\"title\">Agust\u00ed Fern\u00e1ndez de Losada i Passols<\/h2><\/a><div class=\"subtitle\"><p>Secretario de Asuntos Europeos, Multilaterales y de Cooperaci\u00f3n al Desarrollo<\/p><\/div><\/div><\/article><\/div><\/div>\t\t\t\t<\/div>\n\t\t\t\t<\/div>\n\t\t\t\t<div class=\"elementor-element elementor-element-d20ceb4 elementor-widget elementor-widget-text-editor\" data-id=\"d20ceb4\" data-element_type=\"widget\" data-widget_type=\"text-editor.default\">\n\t\t\t\t<div class=\"elementor-widget-container\">\n\t\t\t\t\t\t\t\t\t<p>Para contactar con los miembros: <strong>junta@icip.cat<\/strong><\/p>\t\t\t\t\t\t\t\t<\/div>\n\t\t\t\t<\/div>\n\t\t\t\t\t<\/div>\n\t\t<\/div>\n\t\t\t\t\t<\/div>\n\t\t<\/section>\n\t\t\t\t<section class=\"elementor-section elementor-top-section elementor-element elementor-element-1c0fd3a elementor-section-boxed elementor-section-height-default elementor-section-height-default\" data-id=\"1c0fd3a\" data-element_type=\"section\">\n\t\t\t\t\t\t<div class=\"elementor-container elementor-column-gap-default\">\n\t\t\t\t\t<div class=\"elementor-column elementor-col-100 elementor-top-column elementor-element elementor-element-a02f5e4\" data-id=\"a02f5e4\" data-element_type=\"column\">\n\t\t\t<div class=\"elementor-widget-wrap elementor-element-populated\">\n\t\t\t\t\t\t<div class=\"elementor-element elementor-element-e9eaa0a elementor-widget elementor-widget-spacer\" data-id=\"e9eaa0a\" data-element_type=\"widget\" data-widget_type=\"spacer.default\">\n\t\t\t\t<div class=\"elementor-widget-container\">\n\t\t\t\t\t\t\t<div class=\"elementor-spacer\">\n\t\t\t<div class=\"elementor-spacer-inner\"><\/div>\n\t\t<\/div>\n\t\t\t\t\t\t<\/div>\n\t\t\t\t<\/div>\n\t\t\t\t\t<\/div>\n\t\t<\/div>\n\t\t\t\t\t<\/div>\n\t\t<\/section>\n\t\t\t\t<\/div>\n\t\t","protected":false},"excerpt":{"rendered":"<p>Junta de Gobierno Miembros elegidos por el Parlamento Marco Aparicio Wilhelmi Professor of Constitutional Law at Universitat de Girona, UdG Elena Jim\u00e9nez-Bot\u00edas Jurist and doctor in Political Science, professor of international studies at the UB Xavier Masllorens Escub\u00f3s President Oscar Mateos Martin Professor at Universitat Ramon Llull Nour Salameh PhD in History Remei Sipi Mayo [&hellip;]<\/p>\n","protected":false},"author":1,"featured_media":0,"parent":9448,"menu_order":1,"comment_status":"closed","ping_status":"closed","template":"","meta":{"_acf_changed":false,"footnotes":""},"class_list":["post-9455","page","type-page","status-publish","hentry"],"acf":[],"yoast_head":"<!-- This site is optimized with the Yoast SEO plugin v25.6 - https:\/\/yoast.com\/wordpress\/plugins\/seo\/ -->\n<title>La Junta de Gobierno - ICIP<\/title>\n<meta name=\"robots\" content=\"index, follow, max-snippet:-1, max-image-preview:large, max-video-preview:-1\" \/>\n<link rel=\"canonical\" href=\"https:\/\/www.icip.cat\/ca\/qui-som\/la-junta-de-govern\/\" \/>\n<meta property=\"og:locale\" content=\"es_ES\" \/>\n<meta property=\"og:type\" content=\"article\" \/>\n<meta property=\"og:title\" content=\"La Junta de Gobierno - ICIP\" \/>\n<meta property=\"og:description\" content=\"Junta de Gobierno Miembros elegidos por el Parlamento Marco Aparicio Wilhelmi Professor of Constitutional Law at Universitat de Girona, UdG Elena Jim\u00e9nez-Bot\u00edas Jurist and doctor in Political Science, professor of international studies at the UB Xavier Masllorens Escub\u00f3s President Oscar Mateos Martin Professor at Universitat Ramon Llull Nour Salameh PhD in History Remei Sipi Mayo [&hellip;]\" \/>\n<meta property=\"og:url\" content=\"https:\/\/www.icip.cat\/ca\/qui-som\/la-junta-de-govern\/\" \/>\n<meta property=\"og:site_name\" content=\"ICIP\" \/>\n<meta property=\"article:modified_time\" content=\"2025-07-18T07:01:15+00:00\" \/>\n<meta property=\"og:image\" content=\"https:\/\/www.icip.cat\/wp-content\/uploads\/2020\/12\/EQUIPO_ICIP_MarcoAparicio-300x300.jpg\" \/>\n<meta name=\"twitter:card\" content=\"summary_large_image\" \/>\n<meta name=\"twitter:label1\" content=\"Tiempo de lectura\" \/>\n\t<meta name=\"twitter:data1\" content=\"3 minutos\" \/>\n<script type=\"application\/ld+json\" class=\"yoast-schema-graph\">{\"@context\":\"https:\/\/schema.org\",\"@graph\":[{\"@type\":\"WebPage\",\"@id\":\"https:\/\/www.icip.cat\/ca\/qui-som\/la-junta-de-govern\/\",\"url\":\"https:\/\/www.icip.cat\/ca\/qui-som\/la-junta-de-govern\/\",\"name\":\"La Junta de Gobierno - ICIP\",\"isPartOf\":{\"@id\":\"https:\/\/www.icip.cat\/ca\/#website\"},\"primaryImageOfPage\":{\"@id\":\"https:\/\/www.icip.cat\/ca\/qui-som\/la-junta-de-govern\/#primaryimage\"},\"image\":{\"@id\":\"https:\/\/www.icip.cat\/ca\/qui-som\/la-junta-de-govern\/#primaryimage\"},\"thumbnailUrl\":\"https:\/\/www.icip.cat\/wp-content\/uploads\/2020\/12\/EQUIPO_ICIP_MarcoAparicio-300x300.jpg\",\"datePublished\":\"2020-12-28T15:17:41+00:00\",\"dateModified\":\"2025-07-18T07:01:15+00:00\",\"breadcrumb\":{\"@id\":\"https:\/\/www.icip.cat\/ca\/qui-som\/la-junta-de-govern\/#breadcrumb\"},\"inLanguage\":\"es\",\"potentialAction\":[{\"@type\":\"ReadAction\",\"target\":[\"https:\/\/www.icip.cat\/ca\/qui-som\/la-junta-de-govern\/\"]}]},{\"@type\":\"ImageObject\",\"inLanguage\":\"es\",\"@id\":\"https:\/\/www.icip.cat\/ca\/qui-som\/la-junta-de-govern\/#primaryimage\",\"url\":\"https:\/\/www.icip.cat\/wp-content\/uploads\/2020\/12\/EQUIPO_ICIP_MarcoAparicio-300x300.jpg\",\"contentUrl\":\"https:\/\/www.icip.cat\/wp-content\/uploads\/2020\/12\/EQUIPO_ICIP_MarcoAparicio-300x300.jpg\"},{\"@type\":\"BreadcrumbList\",\"@id\":\"https:\/\/www.icip.cat\/ca\/qui-som\/la-junta-de-govern\/#breadcrumb\",\"itemListElement\":[{\"@type\":\"ListItem\",\"position\":1,\"name\":\"QUI\u00c9NES SOMOS\",\"item\":\"https:\/\/www.icip.cat\/ca\/qui-som\/\"},{\"@type\":\"ListItem\",\"position\":2,\"name\":\"La Junta de Gobierno\"}]},{\"@type\":\"WebSite\",\"@id\":\"https:\/\/www.icip.cat\/ca\/#website\",\"url\":\"https:\/\/www.icip.cat\/ca\/\",\"name\":\"ICIP\",\"description\":\"\",\"publisher\":{\"@id\":\"https:\/\/www.icip.cat\/ca\/#organization\"},\"potentialAction\":[{\"@type\":\"SearchAction\",\"target\":{\"@type\":\"EntryPoint\",\"urlTemplate\":\"https:\/\/www.icip.cat\/ca\/?s={search_term_string}\"},\"query-input\":{\"@type\":\"PropertyValueSpecification\",\"valueRequired\":true,\"valueName\":\"search_term_string\"}}],\"inLanguage\":\"es\"},{\"@type\":\"Organization\",\"@id\":\"https:\/\/www.icip.cat\/ca\/#organization\",\"name\":\"ICIP\",\"url\":\"https:\/\/www.icip.cat\/ca\/\",\"logo\":{\"@type\":\"ImageObject\",\"inLanguage\":\"es\",\"@id\":\"https:\/\/www.icip.cat\/ca\/#\/schema\/logo\/image\/\",\"url\":\"https:\/\/www.icip.cat\/wp-content\/uploads\/2021\/02\/logo-2.png\",\"contentUrl\":\"https:\/\/www.icip.cat\/wp-content\/uploads\/2021\/02\/logo-2.png\",\"width\":562,\"height\":391,\"caption\":\"ICIP\"},\"image\":{\"@id\":\"https:\/\/www.icip.cat\/ca\/#\/schema\/logo\/image\/\"}}]}<\/script>\n<!-- \/ Yoast SEO plugin. -->","yoast_head_json":{"title":"La Junta de Gobierno - ICIP","robots":{"index":"index","follow":"follow","max-snippet":"max-snippet:-1","max-image-preview":"max-image-preview:large","max-video-preview":"max-video-preview:-1"},"canonical":"https:\/\/www.icip.cat\/ca\/qui-som\/la-junta-de-govern\/","og_locale":"es_ES","og_type":"article","og_title":"La Junta de Gobierno - ICIP","og_description":"Junta de Gobierno Miembros elegidos por el Parlamento Marco Aparicio Wilhelmi Professor of Constitutional Law at Universitat de Girona, UdG Elena Jim\u00e9nez-Bot\u00edas Jurist and doctor in Political Science, professor of international studies at the UB Xavier Masllorens Escub\u00f3s President Oscar Mateos Martin Professor at Universitat Ramon Llull Nour Salameh PhD in History Remei Sipi Mayo [&hellip;]","og_url":"https:\/\/www.icip.cat\/ca\/qui-som\/la-junta-de-govern\/","og_site_name":"ICIP","article_modified_time":"2025-07-18T07:01:15+00:00","og_image":[{"url":"https:\/\/www.icip.cat\/wp-content\/uploads\/2020\/12\/EQUIPO_ICIP_MarcoAparicio-300x300.jpg","type":"","width":"","height":""}],"twitter_card":"summary_large_image","twitter_misc":{"Tiempo de lectura":"3 minutos"},"schema":{"@context":"https:\/\/schema.org","@graph":[{"@type":"WebPage","@id":"https:\/\/www.icip.cat\/ca\/qui-som\/la-junta-de-govern\/","url":"https:\/\/www.icip.cat\/ca\/qui-som\/la-junta-de-govern\/","name":"La Junta de Gobierno - ICIP","isPartOf":{"@id":"https:\/\/www.icip.cat\/ca\/#website"},"primaryImageOfPage":{"@id":"https:\/\/www.icip.cat\/ca\/qui-som\/la-junta-de-govern\/#primaryimage"},"image":{"@id":"https:\/\/www.icip.cat\/ca\/qui-som\/la-junta-de-govern\/#primaryimage"},"thumbnailUrl":"https:\/\/www.icip.cat\/wp-content\/uploads\/2020\/12\/EQUIPO_ICIP_MarcoAparicio-300x300.jpg","datePublished":"2020-12-28T15:17:41+00:00","dateModified":"2025-07-18T07:01:15+00:00","breadcrumb":{"@id":"https:\/\/www.icip.cat\/ca\/qui-som\/la-junta-de-govern\/#breadcrumb"},"inLanguage":"es","potentialAction":[{"@type":"ReadAction","target":["https:\/\/www.icip.cat\/ca\/qui-som\/la-junta-de-govern\/"]}]},{"@type":"ImageObject","inLanguage":"es","@id":"https:\/\/www.icip.cat\/ca\/qui-som\/la-junta-de-govern\/#primaryimage","url":"https:\/\/www.icip.cat\/wp-content\/uploads\/2020\/12\/EQUIPO_ICIP_MarcoAparicio-300x300.jpg","contentUrl":"https:\/\/www.icip.cat\/wp-content\/uploads\/2020\/12\/EQUIPO_ICIP_MarcoAparicio-300x300.jpg"},{"@type":"BreadcrumbList","@id":"https:\/\/www.icip.cat\/ca\/qui-som\/la-junta-de-govern\/#breadcrumb","itemListElement":[{"@type":"ListItem","position":1,"name":"QUI\u00c9NES SOMOS","item":"https:\/\/www.icip.cat\/ca\/qui-som\/"},{"@type":"ListItem","position":2,"name":"La Junta de Gobierno"}]},{"@type":"WebSite","@id":"https:\/\/www.icip.cat\/ca\/#website","url":"https:\/\/www.icip.cat\/ca\/","name":"ICIP","description":"","publisher":{"@id":"https:\/\/www.icip.cat\/ca\/#organization"},"potentialAction":[{"@type":"SearchAction","target":{"@type":"EntryPoint","urlTemplate":"https:\/\/www.icip.cat\/ca\/?s={search_term_string}"},"query-input":{"@type":"PropertyValueSpecification","valueRequired":true,"valueName":"search_term_string"}}],"inLanguage":"es"},{"@type":"Organization","@id":"https:\/\/www.icip.cat\/ca\/#organization","name":"ICIP","url":"https:\/\/www.icip.cat\/ca\/","logo":{"@type":"ImageObject","inLanguage":"es","@id":"https:\/\/www.icip.cat\/ca\/#\/schema\/logo\/image\/","url":"https:\/\/www.icip.cat\/wp-content\/uploads\/2021\/02\/logo-2.png","contentUrl":"https:\/\/www.icip.cat\/wp-content\/uploads\/2021\/02\/logo-2.png","width":562,"height":391,"caption":"ICIP"},"image":{"@id":"https:\/\/www.icip.cat\/ca\/#\/schema\/logo\/image\/"}}]}},"_links":{"self":[{"href":"https:\/\/www.icip.cat\/es\/wp-json\/wp\/v2\/pages\/9455","targetHints":{"allow":["GET"]}}],"collection":[{"href":"https:\/\/www.icip.cat\/es\/wp-json\/wp\/v2\/pages"}],"about":[{"href":"https:\/\/www.icip.cat\/es\/wp-json\/wp\/v2\/types\/page"}],"author":[{"embeddable":true,"href":"https:\/\/www.icip.cat\/es\/wp-json\/wp\/v2\/users\/1"}],"replies":[{"embeddable":true,"href":"https:\/\/www.icip.cat\/es\/wp-json\/wp\/v2\/comments?post=9455"}],"version-history":[{"count":57,"href":"https:\/\/www.icip.cat\/es\/wp-json\/wp\/v2\/pages\/9455\/revisions"}],"predecessor-version":[{"id":55419,"href":"https:\/\/www.icip.cat\/es\/wp-json\/wp\/v2\/pages\/9455\/revisions\/55419"}],"up":[{"embeddable":true,"href":"https:\/\/www.icip.cat\/es\/wp-json\/wp\/v2\/pages\/9448"}],"wp:attachment":[{"href":"https:\/\/www.icip.cat\/es\/wp-json\/wp\/v2\/media?parent=9455"}],"curies":[{"name":"wp","href":"https:\/\/api.w.org\/{rel}","templated":true}]}}