{"id":9473,"date":"2020-12-28T15:27:06","date_gmt":"2020-12-28T15:27:06","guid":{"rendered":"http:\/\/www.icip.cat\/revistas-del-movimiento-por-la-paz\/"},"modified":"2021-03-17T08:59:26","modified_gmt":"2021-03-17T08:59:26","slug":"revistas-del-movimiento-por-la-paz","status":"publish","type":"page","link":"https:\/\/www.icip.cat\/es\/revistas-del-movimiento-por-la-paz\/","title":{"rendered":"Revistas del movimiento por la paz"},"content":{"rendered":"\t\t<div data-elementor-type=\"wp-page\" data-elementor-id=\"9473\" class=\"elementor elementor-9473 elementor-2324\" data-elementor-post-type=\"page\">\n\t\t\t\t\t\t<section class=\"elementor-section elementor-top-section elementor-element elementor-element-0b95fb8 elementor-section-boxed elementor-section-height-default elementor-section-height-default\" data-id=\"0b95fb8\" data-element_type=\"section\" data-settings=\"{&quot;background_background&quot;:&quot;classic&quot;}\">\n\t\t\t\t\t\t\t<div class=\"elementor-background-overlay\"><\/div>\n\t\t\t\t\t\t\t<div class=\"elementor-container elementor-column-gap-default\">\n\t\t\t\t\t<div class=\"elementor-column elementor-col-100 elementor-top-column elementor-element elementor-element-dd7f0af\" data-id=\"dd7f0af\" data-element_type=\"column\">\n\t\t\t<div class=\"elementor-widget-wrap elementor-element-populated\">\n\t\t\t\t\t\t<div class=\"elementor-element elementor-element-400b8f2 elementor-widget elementor-widget-heading\" data-id=\"400b8f2\" data-element_type=\"widget\" data-widget_type=\"heading.default\">\n\t\t\t\t<div class=\"elementor-widget-container\">\n\t\t\t\t\t<h1 class=\"elementor-heading-title elementor-size-default\">Revistas del Movimiento por la Paz<\/h1>\t\t\t\t<\/div>\n\t\t\t\t<\/div>\n\t\t\t\t\t<\/div>\n\t\t<\/div>\n\t\t\t\t\t<\/div>\n\t\t<\/section>\n\t\t\t\t<section class=\"elementor-section elementor-top-section elementor-element elementor-element-8401a23 elementor-section-boxed elementor-section-height-default elementor-section-height-default\" data-id=\"8401a23\" data-element_type=\"section\" data-settings=\"{&quot;background_background&quot;:&quot;classic&quot;}\">\n\t\t\t\t\t\t<div class=\"elementor-container elementor-column-gap-default\">\n\t\t\t\t\t<div class=\"elementor-column elementor-col-100 elementor-top-column elementor-element elementor-element-324ec9e\" data-id=\"324ec9e\" data-element_type=\"column\">\n\t\t\t<div class=\"elementor-widget-wrap elementor-element-populated\">\n\t\t\t\t\t\t<div class=\"elementor-element elementor-element-2c53832 elementor-widget elementor-widget-spacer\" data-id=\"2c53832\" data-element_type=\"widget\" data-widget_type=\"spacer.default\">\n\t\t\t\t<div class=\"elementor-widget-container\">\n\t\t\t\t\t\t\t<div class=\"elementor-spacer\">\n\t\t\t<div class=\"elementor-spacer-inner\"><\/div>\n\t\t<\/div>\n\t\t\t\t\t\t<\/div>\n\t\t\t\t<\/div>\n\t\t\t\t<div class=\"elementor-element elementor-element-30d7bb0 elementor-widget elementor-widget-text-editor\" data-id=\"30d7bb0\" data-element_type=\"widget\" data-widget_type=\"text-editor.default\">\n\t\t\t\t<div class=\"elementor-widget-container\">\n\t\t\t\t\t\t\t\t\t<p>La b\u00fasqueda de la memoria historia y del pensamiento y la acci\u00f3n pacifista en Catalu\u00f1a constituye un objetivo del ICIP. En este sentido, se ha procedido a la digitalizaci\u00f3n de revistas editadas por entidades y asociaciones vinculadas a este movimiento. La digitalizaci\u00f3n permitir\u00e1 la difusi\u00f3n de estos fondos poco conocidos y bastante dif\u00edciles de localizar por su car\u00e1cter especial, a menudo alejado de las cadenas editoriales habituales, y su dispersi\u00f3n en el territorio catal\u00e1n.<\/p><p>En una primera fase, se ha seleccionado un listado de las revistas m\u00e1s significativas de la \u00e9poca para localizar las colecciones completas, digitalizarlas y hacerlas de consulta p\u00fablica.<\/p><p>El proyecto ha sido posible gracias a la colaboraci\u00f3n con la Biblioteca de Catalu\u00f1a, que impulsa el proyecto de digitalizaci\u00f3n del patrimonio hemerogr\u00e1fico catal\u00e1n que recibe el nombre de Archivo de Revistas Catalanas Antiguas (ARCA): un portal \u00fanico de acceso abierto a colecciones preferentemente completas de publicaciones peri\u00f3dicas ya cerradas que han sido representativas dentro de la cultura y la sociedad catalana sean de \u00e1mbito local, nacional o internacional.L<\/p>\t\t\t\t\t\t\t\t<\/div>\n\t\t\t\t<\/div>\n\t\t\t\t<div class=\"elementor-element elementor-element-c27763e elementor-widget elementor-widget-spacer\" data-id=\"c27763e\" data-element_type=\"widget\" data-widget_type=\"spacer.default\">\n\t\t\t\t<div class=\"elementor-widget-container\">\n\t\t\t\t\t\t\t<div class=\"elementor-spacer\">\n\t\t\t<div class=\"elementor-spacer-inner\"><\/div>\n\t\t<\/div>\n\t\t\t\t\t\t<\/div>\n\t\t\t\t<\/div>\n\t\t\t\t\t<\/div>\n\t\t<\/div>\n\t\t\t\t\t<\/div>\n\t\t<\/section>\n\t\t\t\t<section class=\"elementor-section elementor-top-section elementor-element elementor-element-ecb55b7 elementor-section-boxed elementor-section-height-default elementor-section-height-default\" data-id=\"ecb55b7\" data-element_type=\"section\">\n\t\t\t\t\t\t<div class=\"elementor-container elementor-column-gap-default\">\n\t\t\t\t\t<div class=\"elementor-column elementor-col-100 elementor-top-column elementor-element elementor-element-ea1e2c5\" data-id=\"ea1e2c5\" data-element_type=\"column\">\n\t\t\t<div class=\"elementor-widget-wrap elementor-element-populated\">\n\t\t\t\t\t\t<div class=\"elementor-element elementor-element-2cdb052 elementor-widget elementor-widget-spacer\" data-id=\"2cdb052\" data-element_type=\"widget\" data-widget_type=\"spacer.default\">\n\t\t\t\t<div class=\"elementor-widget-container\">\n\t\t\t\t\t\t\t<div class=\"elementor-spacer\">\n\t\t\t<div class=\"elementor-spacer-inner\"><\/div>\n\t\t<\/div>\n\t\t\t\t\t\t<\/div>\n\t\t\t\t<\/div>\n\t\t\t\t<div class=\"elementor-element elementor-element-e60c2fc elementor-widget elementor-widget-icip-publicationlisting\" data-id=\"e60c2fc\" data-element_type=\"widget\" data-widget_type=\"icip-publicationlisting.default\">\n\t\t\t\t<div class=\"elementor-widget-container\">\n\t\t\t\t\t<div class=\"block-publication-listing\"  data-view-type=\"cover\"><div class=\"list\"><article class=\"entry\"><a href=\"http:\/\/mdc2.cbuc.cat\/cdm\/search\/collection\/diaripau\" class=\"link\" title=\"Diari de la pau (Barcelona, 2003-2005)\"><div class=\"image\"><img decoding=\"async\" width=\"192\" height=\"255\" src=\"https:\/\/www.icip.cat\/wp-content\/uploads\/2020\/11\/diari_de_la_pau.jpg_100916789.jpg\" class=\"attachment-publicationlisting-thumbnail size-publicationlisting-thumbnail wp-post-image\" alt=\"\" \/><\/div><div class=\"details\"><h2 class=\"title\">Diari de la pau (Barcelona, 2003-2005)<\/h2><div class=\"description\"><p>Revista sobre pacifismo publicada en Barcelona entre enero de 2003 y febrero de 2005 por la Asociaci\u00f3n Fora de Quadre. Es de periodicidad semanal. Los n\u00fam. 13-15 son ediciones especiales.<\/p>\n<\/div><\/div><\/a><\/article><article class=\"entry\"><a href=\"http:\/\/mdc2.cbuc.cat\/cdm\/search\/collection\/piedepaz\" class=\"link\" title=\"En pie de paz (Barcelona, 1986-2001)\"><div class=\"image\"><img decoding=\"async\" width=\"182\" height=\"252\" src=\"https:\/\/www.icip.cat\/wp-content\/uploads\/2020\/11\/en_pie_de_paz.jpg_232770071.jpg\" class=\"attachment-publicationlisting-thumbnail size-publicationlisting-thumbnail wp-post-image\" alt=\"\" \/><\/div><div class=\"details\"><h2 class=\"title\">En pie de paz (Barcelona, 1986-2001)<\/h2><div class=\"description\"><p>Revista sobre pacifismo publicada en Barcelona. De periodicidad bimestral, luego trimestral, y a partir de 1999, semestral. Es continuaci\u00f3n de <em>En pie de paz<\/em>.<\/p>\n<\/div><\/div><\/a><\/article><article class=\"entry\"><a href=\"http:\/\/mdc2.cbuc.cat\/cdm\/search\/collection\/paudiari\" class=\"link\" title=\"La pau: diari de la pau (Barcelona, 1991-1992)\"><div class=\"image\"><img decoding=\"async\" width=\"166\" height=\"241\" src=\"https:\/\/www.icip.cat\/wp-content\/uploads\/2020\/11\/pau_diari.jpg_881640975.jpg\" class=\"attachment-publicationlisting-thumbnail size-publicationlisting-thumbnail wp-post-image\" alt=\"\" \/><\/div><div class=\"details\"><h2 class=\"title\">La pau: diari de la pau (Barcelona, 1991-1992)<\/h2><div class=\"description\"><p>&nbsp;<\/p>\n<div class=\"FW_sArticleFoto\">\n<div class=\"FW_sEditPro\">\n<div class=\"FW_sEditPro\">\n<p>Diario sobre pacifismo publicado en Barcelona entre enero de 1991 y enero de 1992, de periodicidad semanal, con irregularidades.<\/p>\n<p>El editorial del n\u00famero 1 firmado por \u00abPeriodistas por la Paz\u00bb recoge como finalidad \u00abNo nos dejemos manipular. Ya estamos en la calle y tenemos muy claro porqu\u00e9. Porque conviene que alguien represente esta supuesta minor\u00eda que quiere la paz y se opone a la guerra. En todas las guerras. Y debemos demostrar que somos muchos, aunque que no tengamos los poderes pol\u00edticos y econ\u00f3micos de nuestra parte\u00bb.<\/p>\n<\/div>\n<\/div>\n<\/div>\n<\/div><\/div><\/a><\/article><article class=\"entry\"><a href=\"http:\/\/mdc2.cbuc.cat\/cdm\/search\/collection\/peudepau\" class=\"link\" title=\"En peu de pau (Barcelona, 1984)\"><div class=\"image\"><img loading=\"lazy\" decoding=\"async\" width=\"191\" height=\"267\" src=\"https:\/\/www.icip.cat\/wp-content\/uploads\/2020\/11\/en_peu_de_pau.jpg_1726510763.jpg\" class=\"attachment-publicationlisting-thumbnail size-publicationlisting-thumbnail wp-post-image\" alt=\"\" \/><\/div><div class=\"details\"><h2 class=\"title\">En peu de pau (Barcelona, 1984)<\/h2><div class=\"description\"><p>Revista publicada en Barcelona con el subt\u00edtulo <em>Bolet\u00edn sobre paz, desarme y desarrollo .<\/em> De periodicidad bimestral, contiene textos en catal\u00e1n y castellano. S\u00f3lo se publicaron 4 n\u00fameros (del 0 al 3).<\/p>\n<p>Seg\u00fan el editorial del n\u00fam. 0 \u00abLa revista ha sido concebida como una publicaci\u00f3n b\u00e1sicamente informativa, como una herramienta de trabajo para grupos, escuelas, instituciones, etc.; &#8230;\u00bb<\/p>\n<p>Continuada por <em>En Pie de Paz.<\/em><\/p>\n<\/div><\/div><\/a><\/article><article class=\"entry\"><a href=\"http:\/\/mdc2.cbuc.cat\/cdm\/search\/collection\/mocador\" class=\"link\" title=\"Mocador (Barcelona, 1987-1996)\"><div class=\"image\"><img loading=\"lazy\" decoding=\"async\" width=\"192\" height=\"265\" src=\"https:\/\/www.icip.cat\/wp-content\/uploads\/2020\/11\/mocador.jpg_72287638.jpg\" class=\"attachment-publicationlisting-thumbnail size-publicationlisting-thumbnail wp-post-image\" alt=\"\" \/><\/div><div class=\"details\"><h2 class=\"title\">Mocador (Barcelona, 1987-1996)<\/h2><div class=\"description\"><p>Revista sobre pacifismo publicada en Barcelona como bolet\u00edn por el MOC (Movimiento de Objetores de Conciencia) con el subt\u00edtulo: <em>All\u00ed donde nos reunimos todos los MOCS.<\/em><\/p>\n<\/div><\/div><\/a><\/article><article class=\"entry\"><a href=\"http:\/\/mdc2.cbuc.cat\/cdm\/search\/collection\/BuPaxChristi\" class=\"link\" title=\"Pax (Barcelona, 1974-1978)\"><div class=\"image\"><img loading=\"lazy\" decoding=\"async\" width=\"193\" height=\"284\" src=\"https:\/\/www.icip.cat\/wp-content\/uploads\/2020\/11\/pax.jpg_1812904216.jpg\" class=\"attachment-publicationlisting-thumbnail size-publicationlisting-thumbnail wp-post-image\" alt=\"\" \/><\/div><div class=\"details\"><h2 class=\"title\">Pax (Barcelona, 1974-1978)<\/h2><div class=\"description\"><p>&nbsp;<\/p>\n<div class=\"FW_sArticleFoto\">\n<div class=\"FW_sEditPro\">\n<div class=\"FW_sEditPro\">\n<p>Bolet\u00edn de la asociaci\u00f3n religiosa Pax Christi, publicada en Barcelona, inicialmente con periodicidad irregular, entre enero de 1974 y febrero de 1978.<\/p>\n<\/div>\n<\/div>\n<\/div>\n<\/div><\/div><\/a><\/article><article class=\"entry\"><a href=\"http:\/\/mdc2.cbuc.cat\/cdm\/search\/collection\/pucageneral\" class=\"link\" title=\"La pu\u00e7a i el general (Barcelona, 1979-1990)\"><div class=\"image\"><img loading=\"lazy\" decoding=\"async\" width=\"192\" height=\"267\" src=\"https:\/\/www.icip.cat\/wp-content\/uploads\/2020\/11\/puca_i_el_general.jpg_70440596.jpg\" class=\"attachment-publicationlisting-thumbnail size-publicationlisting-thumbnail wp-post-image\" alt=\"\" \/><\/div><div class=\"details\"><h2 class=\"title\">La pu\u00e7a i el general (Barcelona, 1979-1990)<\/h2><div class=\"description\"><p>Revista pacifista del Grupo de Acci\u00f3n Directa no Violenta Anti-OTAN publicada en Barcelona, inicialmente con periodicidad mensual y luego irregular, entre noviembre de 1979 y marzo de 1990.<\/p>\n<\/div><\/div><\/a><\/article><\/div><\/div>\t\t\t\t<\/div>\n\t\t\t\t<\/div>\n\t\t\t\t\t<\/div>\n\t\t<\/div>\n\t\t\t\t\t<\/div>\n\t\t<\/section>\n\t\t\t\t<section class=\"elementor-section elementor-top-section elementor-element elementor-element-d82a526 elementor-section-boxed elementor-section-height-default elementor-section-height-default\" data-id=\"d82a526\" data-element_type=\"section\">\n\t\t\t\t\t\t<div class=\"elementor-container elementor-column-gap-default\">\n\t\t\t\t\t<div class=\"elementor-column elementor-col-100 elementor-top-column elementor-element elementor-element-7a3438c\" data-id=\"7a3438c\" data-element_type=\"column\">\n\t\t\t<div class=\"elementor-widget-wrap elementor-element-populated\">\n\t\t\t\t\t\t<div class=\"elementor-element elementor-element-b308522 elementor-widget elementor-widget-spacer\" data-id=\"b308522\" data-element_type=\"widget\" data-widget_type=\"spacer.default\">\n\t\t\t\t<div class=\"elementor-widget-container\">\n\t\t\t\t\t\t\t<div class=\"elementor-spacer\">\n\t\t\t<div class=\"elementor-spacer-inner\"><\/div>\n\t\t<\/div>\n\t\t\t\t\t\t<\/div>\n\t\t\t\t<\/div>\n\t\t\t\t\t<\/div>\n\t\t<\/div>\n\t\t\t\t\t<\/div>\n\t\t<\/section>\n\t\t\t\t<\/div>\n\t\t","protected":false},"excerpt":{"rendered":"<p>Revistas del Movimiento por la Paz La b\u00fasqueda de la memoria historia y del pensamiento y la acci\u00f3n pacifista en Catalu\u00f1a constituye un objetivo del ICIP. En este sentido, se ha procedido a la digitalizaci\u00f3n de revistas editadas por entidades y asociaciones vinculadas a este movimiento. La digitalizaci\u00f3n permitir\u00e1 la difusi\u00f3n de estos fondos poco [&hellip;]<\/p>\n","protected":false},"author":1,"featured_media":0,"parent":0,"menu_order":0,"comment_status":"closed","ping_status":"closed","template":"","meta":{"_acf_changed":false,"footnotes":""},"class_list":["post-9473","page","type-page","status-publish","hentry"],"acf":[],"yoast_head":"<!-- This site is optimized with the Yoast SEO plugin v25.6 - https:\/\/yoast.com\/wordpress\/plugins\/seo\/ -->\n<title>Revistas del movimiento por la paz - ICIP<\/title>\n<meta name=\"robots\" content=\"index, follow, max-snippet:-1, max-image-preview:large, max-video-preview:-1\" \/>\n<link rel=\"canonical\" href=\"https:\/\/www.icip.cat\/es\/revistas-del-movimiento-por-la-paz\/\" \/>\n<meta property=\"og:locale\" content=\"es_ES\" \/>\n<meta property=\"og:type\" content=\"article\" \/>\n<meta property=\"og:title\" content=\"Revistas del movimiento por la paz - ICIP\" \/>\n<meta property=\"og:description\" content=\"Revistas del Movimiento por la Paz La b\u00fasqueda de la memoria historia y del pensamiento y la acci\u00f3n pacifista en Catalu\u00f1a constituye un objetivo del ICIP. En este sentido, se ha procedido a la digitalizaci\u00f3n de revistas editadas por entidades y asociaciones vinculadas a este movimiento. La digitalizaci\u00f3n permitir\u00e1 la difusi\u00f3n de estos fondos poco [&hellip;]\" \/>\n<meta property=\"og:url\" content=\"https:\/\/www.icip.cat\/es\/revistas-del-movimiento-por-la-paz\/\" \/>\n<meta property=\"og:site_name\" content=\"ICIP\" \/>\n<meta property=\"article:modified_time\" content=\"2021-03-17T08:59:26+00:00\" \/>\n<meta name=\"twitter:card\" content=\"summary_large_image\" \/>\n<meta name=\"twitter:label1\" content=\"Tiempo de lectura\" \/>\n\t<meta name=\"twitter:data1\" content=\"1 minuto\" \/>\n<script type=\"application\/ld+json\" class=\"yoast-schema-graph\">{\"@context\":\"https:\/\/schema.org\",\"@graph\":[{\"@type\":\"WebPage\",\"@id\":\"https:\/\/www.icip.cat\/es\/revistas-del-movimiento-por-la-paz\/\",\"url\":\"https:\/\/www.icip.cat\/es\/revistas-del-movimiento-por-la-paz\/\",\"name\":\"Revistas del movimiento por la paz - ICIP\",\"isPartOf\":{\"@id\":\"https:\/\/www.icip.cat\/ca\/#website\"},\"datePublished\":\"2020-12-28T15:27:06+00:00\",\"dateModified\":\"2021-03-17T08:59:26+00:00\",\"inLanguage\":\"es\",\"potentialAction\":[{\"@type\":\"ReadAction\",\"target\":[\"https:\/\/www.icip.cat\/es\/revistas-del-movimiento-por-la-paz\/\"]}]},{\"@type\":\"WebSite\",\"@id\":\"https:\/\/www.icip.cat\/ca\/#website\",\"url\":\"https:\/\/www.icip.cat\/ca\/\",\"name\":\"ICIP\",\"description\":\"\",\"publisher\":{\"@id\":\"https:\/\/www.icip.cat\/ca\/#organization\"},\"potentialAction\":[{\"@type\":\"SearchAction\",\"target\":{\"@type\":\"EntryPoint\",\"urlTemplate\":\"https:\/\/www.icip.cat\/ca\/?s={search_term_string}\"},\"query-input\":{\"@type\":\"PropertyValueSpecification\",\"valueRequired\":true,\"valueName\":\"search_term_string\"}}],\"inLanguage\":\"es\"},{\"@type\":\"Organization\",\"@id\":\"https:\/\/www.icip.cat\/ca\/#organization\",\"name\":\"ICIP\",\"url\":\"https:\/\/www.icip.cat\/ca\/\",\"logo\":{\"@type\":\"ImageObject\",\"inLanguage\":\"es\",\"@id\":\"https:\/\/www.icip.cat\/ca\/#\/schema\/logo\/image\/\",\"url\":\"https:\/\/www.icip.cat\/wp-content\/uploads\/2021\/02\/logo-2.png\",\"contentUrl\":\"https:\/\/www.icip.cat\/wp-content\/uploads\/2021\/02\/logo-2.png\",\"width\":562,\"height\":391,\"caption\":\"ICIP\"},\"image\":{\"@id\":\"https:\/\/www.icip.cat\/ca\/#\/schema\/logo\/image\/\"}}]}<\/script>\n<!-- \/ Yoast SEO plugin. -->","yoast_head_json":{"title":"Revistas del movimiento por la paz - ICIP","robots":{"index":"index","follow":"follow","max-snippet":"max-snippet:-1","max-image-preview":"max-image-preview:large","max-video-preview":"max-video-preview:-1"},"canonical":"https:\/\/www.icip.cat\/es\/revistas-del-movimiento-por-la-paz\/","og_locale":"es_ES","og_type":"article","og_title":"Revistas del movimiento por la paz - ICIP","og_description":"Revistas del Movimiento por la Paz La b\u00fasqueda de la memoria historia y del pensamiento y la acci\u00f3n pacifista en Catalu\u00f1a constituye un objetivo del ICIP. En este sentido, se ha procedido a la digitalizaci\u00f3n de revistas editadas por entidades y asociaciones vinculadas a este movimiento. La digitalizaci\u00f3n permitir\u00e1 la difusi\u00f3n de estos fondos poco [&hellip;]","og_url":"https:\/\/www.icip.cat\/es\/revistas-del-movimiento-por-la-paz\/","og_site_name":"ICIP","article_modified_time":"2021-03-17T08:59:26+00:00","twitter_card":"summary_large_image","twitter_misc":{"Tiempo de lectura":"1 minuto"},"schema":{"@context":"https:\/\/schema.org","@graph":[{"@type":"WebPage","@id":"https:\/\/www.icip.cat\/es\/revistas-del-movimiento-por-la-paz\/","url":"https:\/\/www.icip.cat\/es\/revistas-del-movimiento-por-la-paz\/","name":"Revistas del movimiento por la paz - ICIP","isPartOf":{"@id":"https:\/\/www.icip.cat\/ca\/#website"},"datePublished":"2020-12-28T15:27:06+00:00","dateModified":"2021-03-17T08:59:26+00:00","inLanguage":"es","potentialAction":[{"@type":"ReadAction","target":["https:\/\/www.icip.cat\/es\/revistas-del-movimiento-por-la-paz\/"]}]},{"@type":"WebSite","@id":"https:\/\/www.icip.cat\/ca\/#website","url":"https:\/\/www.icip.cat\/ca\/","name":"ICIP","description":"","publisher":{"@id":"https:\/\/www.icip.cat\/ca\/#organization"},"potentialAction":[{"@type":"SearchAction","target":{"@type":"EntryPoint","urlTemplate":"https:\/\/www.icip.cat\/ca\/?s={search_term_string}"},"query-input":{"@type":"PropertyValueSpecification","valueRequired":true,"valueName":"search_term_string"}}],"inLanguage":"es"},{"@type":"Organization","@id":"https:\/\/www.icip.cat\/ca\/#organization","name":"ICIP","url":"https:\/\/www.icip.cat\/ca\/","logo":{"@type":"ImageObject","inLanguage":"es","@id":"https:\/\/www.icip.cat\/ca\/#\/schema\/logo\/image\/","url":"https:\/\/www.icip.cat\/wp-content\/uploads\/2021\/02\/logo-2.png","contentUrl":"https:\/\/www.icip.cat\/wp-content\/uploads\/2021\/02\/logo-2.png","width":562,"height":391,"caption":"ICIP"},"image":{"@id":"https:\/\/www.icip.cat\/ca\/#\/schema\/logo\/image\/"}}]}},"_links":{"self":[{"href":"https:\/\/www.icip.cat\/es\/wp-json\/wp\/v2\/pages\/9473","targetHints":{"allow":["GET"]}}],"collection":[{"href":"https:\/\/www.icip.cat\/es\/wp-json\/wp\/v2\/pages"}],"about":[{"href":"https:\/\/www.icip.cat\/es\/wp-json\/wp\/v2\/types\/page"}],"author":[{"embeddable":true,"href":"https:\/\/www.icip.cat\/es\/wp-json\/wp\/v2\/users\/1"}],"replies":[{"embeddable":true,"href":"https:\/\/www.icip.cat\/es\/wp-json\/wp\/v2\/comments?post=9473"}],"version-history":[{"count":21,"href":"https:\/\/www.icip.cat\/es\/wp-json\/wp\/v2\/pages\/9473\/revisions"}],"predecessor-version":[{"id":17883,"href":"https:\/\/www.icip.cat\/es\/wp-json\/wp\/v2\/pages\/9473\/revisions\/17883"}],"wp:attachment":[{"href":"https:\/\/www.icip.cat\/es\/wp-json\/wp\/v2\/media?parent=9473"}],"curies":[{"name":"wp","href":"https:\/\/api.w.org\/{rel}","templated":true}]}}